{"id":3985,"date":"2022-02-12T20:26:26","date_gmt":"2022-02-12T20:26:26","guid":{"rendered":"https:\/\/confrariadovinhodoporto.com\/?page_id=3985"},"modified":"2023-03-24T17:36:49","modified_gmt":"2023-03-24T17:36:49","slug":"graus-dos-confrades","status":"publish","type":"page","link":"https:\/\/confrariadovinhodoporto.com\/pt-pt\/graus-dos-confrades\/","title":{"rendered":"Graus dos Confrades"},"content":{"rendered":"<div class=\"fusion-fullwidth fullwidth-box fusion-builder-row-1 fusion-flex-container nonhundred-percent-fullwidth non-hundred-percent-height-scrolling\" style=\"--awb-border-radius-top-left:0px;--awb-border-radius-top-right:0px;--awb-border-radius-bottom-right:0px;--awb-border-radius-bottom-left:0px;--awb-flex-wrap:wrap;\" ><div class=\"fusion-builder-row fusion-row fusion-flex-align-items-flex-start fusion-flex-content-wrap\" style=\"max-width:1216.8px;margin-left: calc(-4% \/ 2 );margin-right: calc(-4% \/ 2 );\"><div class=\"fusion-layout-column fusion_builder_column fusion-builder-column-0 fusion_builder_column_1_1 1_1 fusion-flex-column\" style=\"--awb-bg-size:cover;--awb-width-large:100%;--awb-margin-top-large:0px;--awb-spacing-right-large:1.92%;--awb-margin-bottom-large:20px;--awb-spacing-left-large:1.92%;--awb-width-medium:100%;--awb-order-medium:0;--awb-spacing-right-medium:1.92%;--awb-spacing-left-medium:1.92%;--awb-width-small:100%;--awb-order-small:0;--awb-spacing-right-small:1.92%;--awb-spacing-left-small:1.92%;\"><div class=\"fusion-column-wrapper fusion-column-has-shadow fusion-flex-justify-content-flex-start fusion-content-layout-column\"><div class=\"fusion-title title fusion-title-1 fusion-title-text fusion-title-size-two\"><div class=\"title-sep-container title-sep-container-left fusion-no-large-visibility fusion-no-medium-visibility fusion-no-small-visibility\"><div class=\"title-sep sep- sep-solid\" style=\"border-color:#e0dede;\"><\/div><\/div><span class=\"awb-title-spacer fusion-no-large-visibility fusion-no-medium-visibility fusion-no-small-visibility\"><\/span><h2 class=\"fusion-title-heading title-heading-left fusion-responsive-typography-calculated\" style=\"margin:0;--fontSize:26;--minFontSize:26;line-height:1.15;\">Graus dos Confrades<\/h2><span class=\"awb-title-spacer\"><\/span><div class=\"title-sep-container title-sep-container-right\"><div class=\"title-sep sep- sep-solid\" style=\"border-color:#e0dede;\"><\/div><\/div><\/div><div class=\"fusion-separator fusion-full-width-sep\" style=\"align-self: center;margin-left: auto;margin-right: auto;margin-bottom:40px;width:100%;\"><div class=\"fusion-separator-border sep-single sep-solid\" style=\"--awb-height:20px;--awb-amount:20px;--awb-sep-color:#87042b;border-color:#87042b;border-top-width:3px;\"><\/div><\/div><div class=\"fusion-text fusion-text-1\" style=\"--awb-text-transform:none;\"><p>Quando Novos Confrades s\u00e3o aprovados pelo Cap\u00edtulo \u2014 quer sejam Chefes de Estado, personalidades ou institui\u00e7\u00f5es not\u00e1veis, comerciantes independentes, diretores ou gestores de empresas, ou produtores independentes \u2014 \u00e9 atribu\u00edda uma classifica\u00e7\u00e3o a cada um de acordo com as regras estabelecidas nos Estatutos da Confraria:<\/p>\n<p>&nbsp;<\/p>\n<p><strong>Confrades Efectivos<\/strong><\/p>\n<p>Os Confrades Efetivos podem receber a classifica\u00e7\u00e3o de <strong><span style=\"color: #993300;\">Mestre<\/span> <\/strong>ou <strong><span style=\"color: #993300;\">Experto<\/span><\/strong>, de acordo com o seu estatuto.<\/p>\n<p>Um propriet\u00e1rio, administrador ou executivo s\u00e9nior de um produtor de Vinho do Porto registado pode ser <strong><span style=\"color: #993300;\">Mestre<\/span><\/strong>, mas um gestor da mesma empresa pode ser <strong><span style=\"color: #993300;\">Experto<\/span><\/strong>.<\/p>\n<p>&nbsp;<\/p>\n<p><strong>Confrades Honor\u00e1rios<\/strong><\/p>\n<p>Os graus atribu\u00eddos aos Confrades Honor\u00e1rios s\u00e3o mais complexos:<\/p>\n<p><span style=\"color: #993300;\"><strong>Cavaleiro<\/strong>&nbsp;<\/span>\u00e9 a classifica\u00e7\u00e3o atribu\u00edda aos membros que s\u00e3o reconhecidos pela paix\u00e3o e pela dedica\u00e7\u00e3o que t\u00eam pelo Vinho do Porto, assim como pelo servi\u00e7o que lhe prestam. A maioria dos Confrades s\u00e3o membros com esta classifica\u00e7\u00e3o honor\u00e1ria.<\/p>\n<p><span style=\"color: #993300;\"><strong>Fidalgo Cavaleiro<\/strong><\/span> \u00e9 o grau recebido pelos profissionais do mundo do vinho e do Vinho do Porto, incluindo jornalistas, educadores de vinhos e outros que demonstram o seu envolvimento cont\u00ednuo em atividades que beneficiam o Vinho do Porto e a Confraria. Este Grau implica uma revis\u00e3o peri\u00f3dica de 5 em 5 anos para demonstrar atividade.<\/p>\n<p><span style=\"color: #993300;\"><strong>Infan\u00e7\u00e3o<\/strong><\/span> \u00e9 o grau concedido a institui\u00e7\u00f5es ou indiv\u00edduos que tenham contribu\u00eddo significativamente para a promo\u00e7\u00e3o e o prest\u00edgio do Vinho do Porto, ou que mere\u00e7am a distin\u00e7\u00e3o deste grau devido \u00e0 sua reputa\u00e7\u00e3o individual ou posi\u00e7\u00e3o elevada.<\/p>\n<p><span style=\"color: #993300;\"><strong>Cancel\u00e1rio<\/strong><\/span> \u00e9 um grau reservado a Chefes de Estado como Reis, Presidentes, Pr\u00edncipes e outros l\u00edderes mundiais que, atrav\u00e9s da sua posi\u00e7\u00e3o, honram a miss\u00e3o da Confraria do Vinho do Porto. A Confraria conta com cerca de 49 Cancel\u00e1rios, incluindo o Presidente da Rep\u00fablica de Portugal, o Rei de Espanha e o Rei da B\u00e9lgica.<\/p>\n<\/div><\/div><\/div><\/div><\/div>\n","protected":false},"excerpt":{"rendered":"","protected":false},"author":14,"featured_media":0,"parent":0,"menu_order":0,"comment_status":"closed","ping_status":"closed","template":"","meta":{"inline_featured_image":false,"ngg_post_thumbnail":0,"_EventAllDay":false,"_EventTimezone":"","_EventStartDate":"","_EventEndDate":"","_EventStartDateUTC":"","_EventEndDateUTC":"","_EventShowMap":false,"_EventShowMapLink":false,"_EventURL":"","_EventCost":"","_EventCostDescription":"","_EventCurrencySymbol":"","_EventCurrencyCode":"","_EventCurrencyPosition":"","_EventDateTimeSeparator":"","_EventTimeRangeSeparator":"","_EventOrganizerID":[],"_EventVenueID":[],"_OrganizerEmail":"","_OrganizerPhone":"","_OrganizerWebsite":"","_VenueAddress":"","_VenueCity":"","_VenueCountry":"","_VenueProvince":"","_VenueState":"","_VenueZip":"","_VenuePhone":"","_VenueURL":"","_VenueStateProvince":"","_VenueLat":"","_VenueLng":"","_VenueShowMap":false,"_VenueShowMapLink":false,"footnotes":""},"class_list":["post-3985","page","type-page","status-publish","hentry"],"yoast_head":"<!-- This site is optimized with the Yoast SEO plugin v27.2 - https:\/\/yoast.com\/product\/yoast-seo-wordpress\/ -->\n<title>Graus dos Confrades - Confraria do Vinho do Porto<\/title>\n<meta name=\"robots\" content=\"index, follow, max-snippet:-1, max-image-preview:large, max-video-preview:-1\" \/>\n<link rel=\"canonical\" href=\"https:\/\/confrariadovinhodoporto.com\/pt-pt\/graus-dos-confrades\/\" \/>\n<meta property=\"og:locale\" content=\"pt_PT\" \/>\n<meta property=\"og:type\" content=\"article\" \/>\n<meta property=\"og:title\" content=\"Graus dos Confrades - Confraria do Vinho do Porto\" \/>\n<meta property=\"og:url\" content=\"https:\/\/confrariadovinhodoporto.com\/pt-pt\/graus-dos-confrades\/\" \/>\n<meta property=\"og:site_name\" content=\"Confraria do Vinho do Porto\" \/>\n<meta property=\"article:publisher\" content=\"https:\/\/www.facebook.com\/confrariavinhodoporto\" \/>\n<meta property=\"article:modified_time\" content=\"2023-03-24T17:36:49+00:00\" \/>\n<meta property=\"og:image\" content=\"https:\/\/confrariadovinhodoporto.com\/wp-content\/uploads\/2021\/07\/logo_temp2.jpg\" \/>\n\t<meta property=\"og:image:width\" content=\"647\" \/>\n\t<meta property=\"og:image:height\" content=\"362\" \/>\n\t<meta property=\"og:image:type\" content=\"image\/jpeg\" \/>\n<meta name=\"twitter:card\" content=\"summary_large_image\" \/>\n<meta name=\"twitter:site\" content=\"@confrariavinhodoporto\" \/>\n<meta name=\"twitter:label1\" content=\"Tempo estimado de leitura\" \/>\n\t<meta name=\"twitter:data1\" content=\"5 minutos\" \/>\n<script type=\"application\/ld+json\" class=\"yoast-schema-graph\">{\"@context\":\"https:\/\/schema.org\",\"@graph\":[{\"@type\":\"WebPage\",\"@id\":\"https:\/\/confrariadovinhodoporto.com\/pt-pt\/graus-dos-confrades\/\",\"url\":\"https:\/\/confrariadovinhodoporto.com\/pt-pt\/graus-dos-confrades\/\",\"name\":\"Graus dos Confrades - Confraria do Vinho do Porto\",\"isPartOf\":{\"@id\":\"https:\/\/confrariadovinhodoporto.com\/pt-pt\/#website\"},\"datePublished\":\"2022-02-12T20:26:26+00:00\",\"dateModified\":\"2023-03-24T17:36:49+00:00\",\"breadcrumb\":{\"@id\":\"https:\/\/confrariadovinhodoporto.com\/pt-pt\/graus-dos-confrades\/#breadcrumb\"},\"inLanguage\":\"pt-PT\",\"potentialAction\":[{\"@type\":\"ReadAction\",\"target\":[\"https:\/\/confrariadovinhodoporto.com\/pt-pt\/graus-dos-confrades\/\"]}]},{\"@type\":\"BreadcrumbList\",\"@id\":\"https:\/\/confrariadovinhodoporto.com\/pt-pt\/graus-dos-confrades\/#breadcrumb\",\"itemListElement\":[{\"@type\":\"ListItem\",\"position\":1,\"name\":\"Home\",\"item\":\"https:\/\/confrariadovinhodoporto.com\/pt-pt\/\"},{\"@type\":\"ListItem\",\"position\":2,\"name\":\"Graus dos Confrades\"}]},{\"@type\":\"WebSite\",\"@id\":\"https:\/\/confrariadovinhodoporto.com\/pt-pt\/#website\",\"url\":\"https:\/\/confrariadovinhodoporto.com\/pt-pt\/\",\"name\":\"Confraria do Vinho do Porto\",\"description\":\"Confraria do Vinho do Porto\",\"publisher\":{\"@id\":\"https:\/\/confrariadovinhodoporto.com\/pt-pt\/#organization\"},\"potentialAction\":[{\"@type\":\"SearchAction\",\"target\":{\"@type\":\"EntryPoint\",\"urlTemplate\":\"https:\/\/confrariadovinhodoporto.com\/pt-pt\/?s={search_term_string}\"},\"query-input\":{\"@type\":\"PropertyValueSpecification\",\"valueRequired\":true,\"valueName\":\"search_term_string\"}}],\"inLanguage\":\"pt-PT\"},{\"@type\":\"Organization\",\"@id\":\"https:\/\/confrariadovinhodoporto.com\/pt-pt\/#organization\",\"name\":\"Confraria do Vinho do Porto\",\"url\":\"https:\/\/confrariadovinhodoporto.com\/pt-pt\/\",\"logo\":{\"@type\":\"ImageObject\",\"inLanguage\":\"pt-PT\",\"@id\":\"https:\/\/confrariadovinhodoporto.com\/pt-pt\/#\/schema\/logo\/image\/\",\"url\":\"https:\/\/confrariadovinhodoporto.com\/wp-content\/uploads\/2021\/09\/Confraria_Logo-oficial-vinho-FULL.jpg\",\"contentUrl\":\"https:\/\/confrariadovinhodoporto.com\/wp-content\/uploads\/2021\/09\/Confraria_Logo-oficial-vinho-FULL.jpg\",\"width\":1500,\"height\":1000,\"caption\":\"Confraria do Vinho do Porto\"},\"image\":{\"@id\":\"https:\/\/confrariadovinhodoporto.com\/pt-pt\/#\/schema\/logo\/image\/\"},\"sameAs\":[\"https:\/\/www.facebook.com\/confrariavinhodoporto\",\"https:\/\/x.com\/confrariavinhodoporto\",\"https:\/\/www.instagram.com\/confrariavinhodoporto\/\",\"https:\/\/www.youtube.com\/channel\/UCc_BoRbpZn4EK-2yqd-pCLA\"]}]}<\/script>\n<!-- \/ Yoast SEO plugin. -->","yoast_head_json":{"title":"Graus dos Confrades - Confraria do Vinho do Porto","robots":{"index":"index","follow":"follow","max-snippet":"max-snippet:-1","max-image-preview":"max-image-preview:large","max-video-preview":"max-video-preview:-1"},"canonical":"https:\/\/confrariadovinhodoporto.com\/pt-pt\/graus-dos-confrades\/","og_locale":"pt_PT","og_type":"article","og_title":"Graus dos Confrades - Confraria do Vinho do Porto","og_url":"https:\/\/confrariadovinhodoporto.com\/pt-pt\/graus-dos-confrades\/","og_site_name":"Confraria do Vinho do Porto","article_publisher":"https:\/\/www.facebook.com\/confrariavinhodoporto","article_modified_time":"2023-03-24T17:36:49+00:00","og_image":[{"width":647,"height":362,"url":"https:\/\/confrariadovinhodoporto.com\/wp-content\/uploads\/2021\/07\/logo_temp2.jpg","type":"image\/jpeg"}],"twitter_card":"summary_large_image","twitter_site":"@confrariavinhodoporto","twitter_misc":{"Tempo estimado de leitura":"5 minutos"},"schema":{"@context":"https:\/\/schema.org","@graph":[{"@type":"WebPage","@id":"https:\/\/confrariadovinhodoporto.com\/pt-pt\/graus-dos-confrades\/","url":"https:\/\/confrariadovinhodoporto.com\/pt-pt\/graus-dos-confrades\/","name":"Graus dos Confrades - Confraria do Vinho do Porto","isPartOf":{"@id":"https:\/\/confrariadovinhodoporto.com\/pt-pt\/#website"},"datePublished":"2022-02-12T20:26:26+00:00","dateModified":"2023-03-24T17:36:49+00:00","breadcrumb":{"@id":"https:\/\/confrariadovinhodoporto.com\/pt-pt\/graus-dos-confrades\/#breadcrumb"},"inLanguage":"pt-PT","potentialAction":[{"@type":"ReadAction","target":["https:\/\/confrariadovinhodoporto.com\/pt-pt\/graus-dos-confrades\/"]}]},{"@type":"BreadcrumbList","@id":"https:\/\/confrariadovinhodoporto.com\/pt-pt\/graus-dos-confrades\/#breadcrumb","itemListElement":[{"@type":"ListItem","position":1,"name":"Home","item":"https:\/\/confrariadovinhodoporto.com\/pt-pt\/"},{"@type":"ListItem","position":2,"name":"Graus dos Confrades"}]},{"@type":"WebSite","@id":"https:\/\/confrariadovinhodoporto.com\/pt-pt\/#website","url":"https:\/\/confrariadovinhodoporto.com\/pt-pt\/","name":"Confraria do Vinho do Porto","description":"Confraria do Vinho do Porto","publisher":{"@id":"https:\/\/confrariadovinhodoporto.com\/pt-pt\/#organization"},"potentialAction":[{"@type":"SearchAction","target":{"@type":"EntryPoint","urlTemplate":"https:\/\/confrariadovinhodoporto.com\/pt-pt\/?s={search_term_string}"},"query-input":{"@type":"PropertyValueSpecification","valueRequired":true,"valueName":"search_term_string"}}],"inLanguage":"pt-PT"},{"@type":"Organization","@id":"https:\/\/confrariadovinhodoporto.com\/pt-pt\/#organization","name":"Confraria do Vinho do Porto","url":"https:\/\/confrariadovinhodoporto.com\/pt-pt\/","logo":{"@type":"ImageObject","inLanguage":"pt-PT","@id":"https:\/\/confrariadovinhodoporto.com\/pt-pt\/#\/schema\/logo\/image\/","url":"https:\/\/confrariadovinhodoporto.com\/wp-content\/uploads\/2021\/09\/Confraria_Logo-oficial-vinho-FULL.jpg","contentUrl":"https:\/\/confrariadovinhodoporto.com\/wp-content\/uploads\/2021\/09\/Confraria_Logo-oficial-vinho-FULL.jpg","width":1500,"height":1000,"caption":"Confraria do Vinho do Porto"},"image":{"@id":"https:\/\/confrariadovinhodoporto.com\/pt-pt\/#\/schema\/logo\/image\/"},"sameAs":["https:\/\/www.facebook.com\/confrariavinhodoporto","https:\/\/x.com\/confrariavinhodoporto","https:\/\/www.instagram.com\/confrariavinhodoporto\/","https:\/\/www.youtube.com\/channel\/UCc_BoRbpZn4EK-2yqd-pCLA"]}]}},"_links":{"self":[{"href":"https:\/\/confrariadovinhodoporto.com\/pt-pt\/wp-json\/wp\/v2\/pages\/3985","targetHints":{"allow":["GET"]}}],"collection":[{"href":"https:\/\/confrariadovinhodoporto.com\/pt-pt\/wp-json\/wp\/v2\/pages"}],"about":[{"href":"https:\/\/confrariadovinhodoporto.com\/pt-pt\/wp-json\/wp\/v2\/types\/page"}],"author":[{"embeddable":true,"href":"https:\/\/confrariadovinhodoporto.com\/pt-pt\/wp-json\/wp\/v2\/users\/14"}],"replies":[{"embeddable":true,"href":"https:\/\/confrariadovinhodoporto.com\/pt-pt\/wp-json\/wp\/v2\/comments?post=3985"}],"version-history":[{"count":23,"href":"https:\/\/confrariadovinhodoporto.com\/pt-pt\/wp-json\/wp\/v2\/pages\/3985\/revisions"}],"predecessor-version":[{"id":18540,"href":"https:\/\/confrariadovinhodoporto.com\/pt-pt\/wp-json\/wp\/v2\/pages\/3985\/revisions\/18540"}],"wp:attachment":[{"href":"https:\/\/confrariadovinhodoporto.com\/pt-pt\/wp-json\/wp\/v2\/media?parent=3985"}],"curies":[{"name":"wp","href":"https:\/\/api.w.org\/{rel}","templated":true}]}}