{"id":18627,"date":"2023-03-27T15:51:54","date_gmt":"2023-03-27T15:51:54","guid":{"rendered":"https:\/\/confrariadovinhodoporto.com\/?page_id=18627"},"modified":"2023-03-27T16:14:06","modified_gmt":"2023-03-27T16:14:06","slug":"cerimonia-de-entronizacao-2","status":"publish","type":"page","link":"https:\/\/confrariadovinhodoporto.com\/pt-pt\/cerimonia-de-entronizacao-2\/","title":{"rendered":"Cerim\u00f3nia de Entroniza\u00e7\u00e3o"},"content":{"rendered":"<div class=\"fusion-fullwidth fullwidth-box fusion-builder-row-1 fusion-flex-container nonhundred-percent-fullwidth non-hundred-percent-height-scrolling\" style=\"--awb-border-radius-top-left:0px;--awb-border-radius-top-right:0px;--awb-border-radius-bottom-right:0px;--awb-border-radius-bottom-left:0px;--awb-flex-wrap:wrap;\" ><div class=\"fusion-builder-row fusion-row fusion-flex-align-items-flex-start fusion-flex-content-wrap\" style=\"max-width:1216.8px;margin-left: calc(-4% \/ 2 );margin-right: calc(-4% \/ 2 );\"><div class=\"fusion-layout-column fusion_builder_column fusion-builder-column-0 fusion_builder_column_1_1 1_1 fusion-flex-column\" style=\"--awb-bg-size:cover;--awb-width-large:100%;--awb-margin-top-large:0px;--awb-spacing-right-large:1.92%;--awb-margin-bottom-large:0px;--awb-spacing-left-large:1.92%;--awb-width-medium:100%;--awb-spacing-right-medium:1.92%;--awb-spacing-left-medium:1.92%;--awb-width-small:100%;--awb-spacing-right-small:1.92%;--awb-spacing-left-small:1.92%;\"><div class=\"fusion-column-wrapper fusion-flex-justify-content-flex-start fusion-content-layout-column\"><div class=\"fusion-title title fusion-title-1 fusion-title-text fusion-title-size-two\"><div class=\"title-sep-container title-sep-container-left fusion-no-large-visibility fusion-no-medium-visibility fusion-no-small-visibility\"><div class=\"title-sep sep- sep-solid\" style=\"border-color:#e0dede;\"><\/div><\/div><span class=\"awb-title-spacer fusion-no-large-visibility fusion-no-medium-visibility fusion-no-small-visibility\"><\/span><h2 class=\"fusion-title-heading title-heading-left fusion-responsive-typography-calculated\" style=\"margin:0;--fontSize:26;--minFontSize:26;line-height:1.15;\">Cerim\u00f3nia de Entroniza\u00e7\u00e3o<\/h2><span class=\"awb-title-spacer\"><\/span><div class=\"title-sep-container title-sep-container-right\"><div class=\"title-sep sep- sep-solid\" style=\"border-color:#e0dede;\"><\/div><\/div><\/div><div class=\"fusion-separator fusion-full-width-sep\" style=\"align-self: center;margin-left: auto;margin-right: auto;margin-bottom:40px;width:100%;\"><div class=\"fusion-separator-border sep-single sep-solid\" style=\"--awb-height:20px;--awb-amount:20px;--awb-sep-color:#87042b;border-color:#87042b;border-top-width:3px;\"><\/div><\/div><div class=\"fusion-text fusion-text-1\"><h4><strong>Admiss\u00e3o de novos Confrades<\/strong><\/h4>\n<p>A admiss\u00e3o de novos Confrades tem lugar em duas etapas<strong>;<\/strong> aprova\u00e7\u00e3o pelo <span style=\"color: #993300;\"><strong>Capitulo<\/strong><\/span> e <span style=\"color: #993300;\"><strong>Entroniza\u00e7\u00e3o.<\/strong><\/span><\/p>\n<p>Cada novo Confrade deve ser proposto por um Mestre que atesta que o candidato se qualifica para ser admitido na Confraria.<\/p>\n<p>No caso de<strong><span style=\"color: #993300;\"> Fidalgo Cavaleiro<\/span><\/strong>, cada proposta deve ser acompanhada de um curr\u00edculo ativo do candidato ao grau. Este \u00e9 revisto pela <span style=\"color: #993300;\"><strong>Chancelaria <\/strong><\/span>e, caso seja aprovado pelo <span style=\"color: #993300;\"><strong>Cap\u00edtulo<\/strong><\/span>, o grau \u00e9 conferido por um per\u00edodo de cinco anos.<\/p>\n<p>Os graus honor\u00e1rios de <span style=\"color: #993300;\"><strong>Infan\u00e7\u00e3o<\/strong><\/span> e <span style=\"color: #993300;\"><strong>Cancel\u00e1rio<\/strong><\/span> s\u00f3 podem ser propostos pela <span style=\"color: #993300;\"><strong>Chancelaria<\/strong><\/span>.<\/p>\n<p>Todas as novas propostas s\u00e3o apresentadas ao <span style=\"color: #993300;\"><strong>Cap\u00edtulo<\/strong><\/span> numa assembleia geral convocada para o efeito.<\/p>\n<p>Na sequ\u00eancia do <span style=\"color: #993300;\"><strong>Cap\u00edtulo<\/strong><\/span>, os servi\u00e7os da Confraria fazem contacto com cada novo Confrade para iniciar o processo de boas-vindas e apresenta\u00e7\u00e3o de ins\u00edgnias.<\/p>\n<p>&nbsp;<\/p>\n<h4><strong>Entroniza\u00e7\u00e3o<\/strong><\/h4>\n<p>Os novos Confrades s\u00e3o recebidos na Confraria durante uma Entroniza\u00e7\u00e3o, a cerim\u00f3nia de posse, onde recebem a<span style=\"color: #993300;\"><strong> Tambuladeira<\/strong><\/span>, o <span style=\"color: #993300;\"><strong>Diploma<\/strong><\/span>, e assinam o <span style=\"color: #993300;\"><strong>Livro de Honra<\/strong><\/span>.<\/p>\n<p>A Entroniza\u00e7\u00e3o Anual \u00e9 realizada no magn\u00edfico P\u00e1tio das Na\u00e7\u00f5es do Pal\u00e1cio da Bolsa do Porto, come\u00e7ando com grande pompa e circunst\u00e2ncia e culminando numa celebra\u00e7\u00e3o do Vinho do Porto, da Confraria e dos novos Confrades.<\/p>\n<p>A cerim\u00f3nia \u00e9 conduzida com grandeza e nobreza e segue a estrutura coreografada definida nas Usan\u00e7as.<\/p>\n<p>O pompa da prociss\u00e3o de entrada prepara o cen\u00e1rio para a Entroniza\u00e7\u00e3o dos novos membros, com a <span style=\"color: #993300;\"><strong>Chancelaria<\/strong><\/span> a liderar o cortejo dos novos Confrades, e os respetivos <span style=\"color: #993300;\"><strong>Mestres <\/strong><\/span>proponentes, para os seus lugares ao som de um hino cl\u00e1ssico ao vivo.<\/p>\n<p>A cerim\u00f3nia \u00e9 oficialmente aberta pela Chanceler, ap\u00f3s o que o Fiel das Usan\u00e7as convida cada Novo Confrade a apresentar-se ao palco para ser presenteado com as ins\u00edgnias apropriadas de posto e a sua <span style=\"color: #993300;\"><strong>Tambuladeira<\/strong><\/span> pelo <span style=\"color: #993300;\"><strong>Mestre<\/strong><\/span> proponente. A seguir, o novo Confrade assina o <span style=\"color: #993300;\"><strong>Livro de Honra<\/strong><\/span> e recebe o seu <span style=\"color: #993300;\"><strong>Diploma<\/strong><\/span>.<\/p>\n<p>Por \u00faltimo, os novos Confrades assumem um compromisso solene com o futuro do Vinho do Porto.<\/p>\n<p>Todos os Confrades novos e existentes recebem um c\u00e1lice de Vinho do Porto e, na presen\u00e7a de todos os reunidos, proclamam em voz alta:<\/p>\n<p style=\"text-align: center;\"><strong>&#8220;Comprometo-me a apoiar a Confraria e a continuar a lutar pela honra do Vinho do Porto&#8221;.<\/strong><\/p>\n<p>O Chanceler conclui a Cerim\u00f3nia de Entroniza\u00e7\u00e3o erguendo o seu Vinho do Porto com o brinde:<\/p>\n<ul>\n<li>Pelo Vinho do Porto (For )<\/li>\n<li>Pela Confraria (For The Confraria)<\/li>\n<li>Pelos Confrades (For The Confrades)<\/li>\n<\/ul>\n<p>A Cerim\u00f3nia \u00e9 encerrada pela <span style=\"color: #993300;\"><strong>Chancelaria<\/strong><\/span>, que lidera a <span style=\"color: #993300;\"><strong>Chancelaria<\/strong><\/span> e Confrades na prociss\u00e3o de sa\u00edda. n a prociss\u00e3o de sa\u00edda.<\/p>\n<\/div><\/div><\/div><\/div><\/div>\n","protected":false},"excerpt":{"rendered":"","protected":false},"author":1,"featured_media":0,"parent":0,"menu_order":0,"comment_status":"closed","ping_status":"closed","template":"","meta":{"inline_featured_image":false,"ngg_post_thumbnail":0,"_EventAllDay":false,"_EventTimezone":"","_EventStartDate":"","_EventEndDate":"","_EventStartDateUTC":"","_EventEndDateUTC":"","_EventShowMap":false,"_EventShowMapLink":false,"_EventURL":"","_EventCost":"","_EventCostDescription":"","_EventCurrencySymbol":"","_EventCurrencyCode":"","_EventCurrencyPosition":"","_EventDateTimeSeparator":"","_EventTimeRangeSeparator":"","_EventOrganizerID":[],"_EventVenueID":[],"_OrganizerEmail":"","_OrganizerPhone":"","_OrganizerWebsite":"","_VenueAddress":"","_VenueCity":"","_VenueCountry":"","_VenueProvince":"","_VenueState":"","_VenueZip":"","_VenuePhone":"","_VenueURL":"","_VenueStateProvince":"","_VenueLat":"","_VenueLng":"","_VenueShowMap":false,"_VenueShowMapLink":false,"footnotes":""},"class_list":["post-18627","page","type-page","status-publish","hentry"],"yoast_head":"<!-- This site is optimized with the Yoast SEO plugin v27.2 - https:\/\/yoast.com\/product\/yoast-seo-wordpress\/ -->\n<title>Cerim\u00f3nia de Entroniza\u00e7\u00e3o - Confraria do Vinho do Porto<\/title>\n<meta name=\"robots\" content=\"index, follow, max-snippet:-1, max-image-preview:large, max-video-preview:-1\" \/>\n<link rel=\"canonical\" href=\"https:\/\/confrariadovinhodoporto.com\/pt-pt\/cerimonia-de-entronizacao-2\/\" \/>\n<meta property=\"og:locale\" content=\"pt_PT\" \/>\n<meta property=\"og:type\" content=\"article\" \/>\n<meta property=\"og:title\" content=\"Cerim\u00f3nia de Entroniza\u00e7\u00e3o - Confraria do Vinho do Porto\" \/>\n<meta property=\"og:url\" content=\"https:\/\/confrariadovinhodoporto.com\/pt-pt\/cerimonia-de-entronizacao-2\/\" \/>\n<meta property=\"og:site_name\" content=\"Confraria do Vinho do Porto\" \/>\n<meta property=\"article:publisher\" content=\"https:\/\/www.facebook.com\/confrariavinhodoporto\" \/>\n<meta property=\"article:modified_time\" content=\"2023-03-27T16:14:06+00:00\" \/>\n<meta property=\"og:image\" content=\"https:\/\/confrariadovinhodoporto.com\/wp-content\/uploads\/2021\/07\/logo_temp2.jpg\" \/>\n\t<meta property=\"og:image:width\" content=\"647\" \/>\n\t<meta property=\"og:image:height\" content=\"362\" \/>\n\t<meta property=\"og:image:type\" content=\"image\/jpeg\" \/>\n<meta name=\"twitter:card\" content=\"summary_large_image\" \/>\n<meta name=\"twitter:site\" content=\"@confrariavinhodoporto\" \/>\n<meta name=\"twitter:label1\" content=\"Tempo estimado de leitura\" \/>\n\t<meta name=\"twitter:data1\" content=\"2 minutos\" \/>\n<script type=\"application\/ld+json\" class=\"yoast-schema-graph\">{\"@context\":\"https:\/\/schema.org\",\"@graph\":[{\"@type\":\"WebPage\",\"@id\":\"https:\/\/confrariadovinhodoporto.com\/pt-pt\/cerimonia-de-entronizacao-2\/\",\"url\":\"https:\/\/confrariadovinhodoporto.com\/pt-pt\/cerimonia-de-entronizacao-2\/\",\"name\":\"Cerim\u00f3nia de Entroniza\u00e7\u00e3o - Confraria do Vinho do Porto\",\"isPartOf\":{\"@id\":\"https:\/\/confrariadovinhodoporto.com\/pt-pt\/#website\"},\"datePublished\":\"2023-03-27T15:51:54+00:00\",\"dateModified\":\"2023-03-27T16:14:06+00:00\",\"breadcrumb\":{\"@id\":\"https:\/\/confrariadovinhodoporto.com\/pt-pt\/cerimonia-de-entronizacao-2\/#breadcrumb\"},\"inLanguage\":\"pt-PT\",\"potentialAction\":[{\"@type\":\"ReadAction\",\"target\":[\"https:\/\/confrariadovinhodoporto.com\/pt-pt\/cerimonia-de-entronizacao-2\/\"]}]},{\"@type\":\"BreadcrumbList\",\"@id\":\"https:\/\/confrariadovinhodoporto.com\/pt-pt\/cerimonia-de-entronizacao-2\/#breadcrumb\",\"itemListElement\":[{\"@type\":\"ListItem\",\"position\":1,\"name\":\"Home\",\"item\":\"https:\/\/confrariadovinhodoporto.com\/pt-pt\/\"},{\"@type\":\"ListItem\",\"position\":2,\"name\":\"Cerim\u00f3nia de Entroniza\u00e7\u00e3o\"}]},{\"@type\":\"WebSite\",\"@id\":\"https:\/\/confrariadovinhodoporto.com\/pt-pt\/#website\",\"url\":\"https:\/\/confrariadovinhodoporto.com\/pt-pt\/\",\"name\":\"Confraria do Vinho do Porto\",\"description\":\"Confraria do Vinho do Porto\",\"publisher\":{\"@id\":\"https:\/\/confrariadovinhodoporto.com\/pt-pt\/#organization\"},\"potentialAction\":[{\"@type\":\"SearchAction\",\"target\":{\"@type\":\"EntryPoint\",\"urlTemplate\":\"https:\/\/confrariadovinhodoporto.com\/pt-pt\/?s={search_term_string}\"},\"query-input\":{\"@type\":\"PropertyValueSpecification\",\"valueRequired\":true,\"valueName\":\"search_term_string\"}}],\"inLanguage\":\"pt-PT\"},{\"@type\":\"Organization\",\"@id\":\"https:\/\/confrariadovinhodoporto.com\/pt-pt\/#organization\",\"name\":\"Confraria do Vinho do Porto\",\"url\":\"https:\/\/confrariadovinhodoporto.com\/pt-pt\/\",\"logo\":{\"@type\":\"ImageObject\",\"inLanguage\":\"pt-PT\",\"@id\":\"https:\/\/confrariadovinhodoporto.com\/pt-pt\/#\/schema\/logo\/image\/\",\"url\":\"https:\/\/confrariadovinhodoporto.com\/wp-content\/uploads\/2021\/09\/Confraria_Logo-oficial-vinho-FULL.jpg\",\"contentUrl\":\"https:\/\/confrariadovinhodoporto.com\/wp-content\/uploads\/2021\/09\/Confraria_Logo-oficial-vinho-FULL.jpg\",\"width\":1500,\"height\":1000,\"caption\":\"Confraria do Vinho do Porto\"},\"image\":{\"@id\":\"https:\/\/confrariadovinhodoporto.com\/pt-pt\/#\/schema\/logo\/image\/\"},\"sameAs\":[\"https:\/\/www.facebook.com\/confrariavinhodoporto\",\"https:\/\/x.com\/confrariavinhodoporto\",\"https:\/\/www.instagram.com\/confrariavinhodoporto\/\",\"https:\/\/www.youtube.com\/channel\/UCc_BoRbpZn4EK-2yqd-pCLA\"]}]}<\/script>\n<!-- \/ Yoast SEO plugin. -->","yoast_head_json":{"title":"Cerim\u00f3nia de Entroniza\u00e7\u00e3o - Confraria do Vinho do Porto","robots":{"index":"index","follow":"follow","max-snippet":"max-snippet:-1","max-image-preview":"max-image-preview:large","max-video-preview":"max-video-preview:-1"},"canonical":"https:\/\/confrariadovinhodoporto.com\/pt-pt\/cerimonia-de-entronizacao-2\/","og_locale":"pt_PT","og_type":"article","og_title":"Cerim\u00f3nia de Entroniza\u00e7\u00e3o - Confraria do Vinho do Porto","og_url":"https:\/\/confrariadovinhodoporto.com\/pt-pt\/cerimonia-de-entronizacao-2\/","og_site_name":"Confraria do Vinho do Porto","article_publisher":"https:\/\/www.facebook.com\/confrariavinhodoporto","article_modified_time":"2023-03-27T16:14:06+00:00","og_image":[{"width":647,"height":362,"url":"https:\/\/confrariadovinhodoporto.com\/wp-content\/uploads\/2021\/07\/logo_temp2.jpg","type":"image\/jpeg"}],"twitter_card":"summary_large_image","twitter_site":"@confrariavinhodoporto","twitter_misc":{"Tempo estimado de leitura":"2 minutos"},"schema":{"@context":"https:\/\/schema.org","@graph":[{"@type":"WebPage","@id":"https:\/\/confrariadovinhodoporto.com\/pt-pt\/cerimonia-de-entronizacao-2\/","url":"https:\/\/confrariadovinhodoporto.com\/pt-pt\/cerimonia-de-entronizacao-2\/","name":"Cerim\u00f3nia de Entroniza\u00e7\u00e3o - Confraria do Vinho do Porto","isPartOf":{"@id":"https:\/\/confrariadovinhodoporto.com\/pt-pt\/#website"},"datePublished":"2023-03-27T15:51:54+00:00","dateModified":"2023-03-27T16:14:06+00:00","breadcrumb":{"@id":"https:\/\/confrariadovinhodoporto.com\/pt-pt\/cerimonia-de-entronizacao-2\/#breadcrumb"},"inLanguage":"pt-PT","potentialAction":[{"@type":"ReadAction","target":["https:\/\/confrariadovinhodoporto.com\/pt-pt\/cerimonia-de-entronizacao-2\/"]}]},{"@type":"BreadcrumbList","@id":"https:\/\/confrariadovinhodoporto.com\/pt-pt\/cerimonia-de-entronizacao-2\/#breadcrumb","itemListElement":[{"@type":"ListItem","position":1,"name":"Home","item":"https:\/\/confrariadovinhodoporto.com\/pt-pt\/"},{"@type":"ListItem","position":2,"name":"Cerim\u00f3nia de Entroniza\u00e7\u00e3o"}]},{"@type":"WebSite","@id":"https:\/\/confrariadovinhodoporto.com\/pt-pt\/#website","url":"https:\/\/confrariadovinhodoporto.com\/pt-pt\/","name":"Confraria do Vinho do Porto","description":"Confraria do Vinho do Porto","publisher":{"@id":"https:\/\/confrariadovinhodoporto.com\/pt-pt\/#organization"},"potentialAction":[{"@type":"SearchAction","target":{"@type":"EntryPoint","urlTemplate":"https:\/\/confrariadovinhodoporto.com\/pt-pt\/?s={search_term_string}"},"query-input":{"@type":"PropertyValueSpecification","valueRequired":true,"valueName":"search_term_string"}}],"inLanguage":"pt-PT"},{"@type":"Organization","@id":"https:\/\/confrariadovinhodoporto.com\/pt-pt\/#organization","name":"Confraria do Vinho do Porto","url":"https:\/\/confrariadovinhodoporto.com\/pt-pt\/","logo":{"@type":"ImageObject","inLanguage":"pt-PT","@id":"https:\/\/confrariadovinhodoporto.com\/pt-pt\/#\/schema\/logo\/image\/","url":"https:\/\/confrariadovinhodoporto.com\/wp-content\/uploads\/2021\/09\/Confraria_Logo-oficial-vinho-FULL.jpg","contentUrl":"https:\/\/confrariadovinhodoporto.com\/wp-content\/uploads\/2021\/09\/Confraria_Logo-oficial-vinho-FULL.jpg","width":1500,"height":1000,"caption":"Confraria do Vinho do Porto"},"image":{"@id":"https:\/\/confrariadovinhodoporto.com\/pt-pt\/#\/schema\/logo\/image\/"},"sameAs":["https:\/\/www.facebook.com\/confrariavinhodoporto","https:\/\/x.com\/confrariavinhodoporto","https:\/\/www.instagram.com\/confrariavinhodoporto\/","https:\/\/www.youtube.com\/channel\/UCc_BoRbpZn4EK-2yqd-pCLA"]}]}},"_links":{"self":[{"href":"https:\/\/confrariadovinhodoporto.com\/pt-pt\/wp-json\/wp\/v2\/pages\/18627","targetHints":{"allow":["GET"]}}],"collection":[{"href":"https:\/\/confrariadovinhodoporto.com\/pt-pt\/wp-json\/wp\/v2\/pages"}],"about":[{"href":"https:\/\/confrariadovinhodoporto.com\/pt-pt\/wp-json\/wp\/v2\/types\/page"}],"author":[{"embeddable":true,"href":"https:\/\/confrariadovinhodoporto.com\/pt-pt\/wp-json\/wp\/v2\/users\/1"}],"replies":[{"embeddable":true,"href":"https:\/\/confrariadovinhodoporto.com\/pt-pt\/wp-json\/wp\/v2\/comments?post=18627"}],"version-history":[{"count":2,"href":"https:\/\/confrariadovinhodoporto.com\/pt-pt\/wp-json\/wp\/v2\/pages\/18627\/revisions"}],"predecessor-version":[{"id":18636,"href":"https:\/\/confrariadovinhodoporto.com\/pt-pt\/wp-json\/wp\/v2\/pages\/18627\/revisions\/18636"}],"wp:attachment":[{"href":"https:\/\/confrariadovinhodoporto.com\/pt-pt\/wp-json\/wp\/v2\/media?parent=18627"}],"curies":[{"name":"wp","href":"https:\/\/api.w.org\/{rel}","templated":true}]}}