{"id":18583,"date":"2023-03-27T13:26:39","date_gmt":"2023-03-27T13:26:39","guid":{"rendered":"https:\/\/confrariadovinhodoporto.com\/?page_id=18583"},"modified":"2023-03-27T13:26:40","modified_gmt":"2023-03-27T13:26:40","slug":"insignias-2","status":"publish","type":"page","link":"https:\/\/confrariadovinhodoporto.com\/pt-pt\/insignias-2\/","title":{"rendered":"Ins\u00edgnias"},"content":{"rendered":"<p><div class=\"fusion-fullwidth fullwidth-box fusion-builder-row-1 fusion-flex-container nonhundred-percent-fullwidth non-hundred-percent-height-scrolling\" style=\"--awb-border-radius-top-left:0px;--awb-border-radius-top-right:0px;--awb-border-radius-bottom-right:0px;--awb-border-radius-bottom-left:0px;--awb-flex-wrap:wrap;\" ><div class=\"fusion-builder-row fusion-row fusion-flex-align-items-flex-start fusion-flex-justify-content-center fusion-flex-content-wrap\" style=\"max-width:1216.8px;margin-left: calc(-4% \/ 2 );margin-right: calc(-4% \/ 2 );\"><div class=\"fusion-layout-column fusion_builder_column fusion-builder-column-0 fusion_builder_column_1_1 1_1 fusion-flex-column\" style=\"--awb-bg-size:cover;--awb-width-large:100%;--awb-margin-top-large:0px;--awb-spacing-right-large:1.92%;--awb-margin-bottom-large:20px;--awb-spacing-left-large:1.92%;--awb-width-medium:100%;--awb-order-medium:0;--awb-spacing-right-medium:1.92%;--awb-spacing-left-medium:1.92%;--awb-width-small:100%;--awb-order-small:0;--awb-spacing-right-small:1.92%;--awb-spacing-left-small:1.92%;\"><div class=\"fusion-column-wrapper fusion-column-has-shadow fusion-flex-justify-content-flex-start fusion-content-layout-column\"><div class=\"fusion-title title fusion-title-1 fusion-title-text fusion-title-size-two\"><div class=\"title-sep-container title-sep-container-left fusion-no-large-visibility fusion-no-medium-visibility fusion-no-small-visibility\"><div class=\"title-sep sep- sep-solid\" style=\"border-color:#e0dede;\"><\/div><\/div><span class=\"awb-title-spacer fusion-no-large-visibility fusion-no-medium-visibility fusion-no-small-visibility\"><\/span><h2 class=\"fusion-title-heading title-heading-left fusion-responsive-typography-calculated\" style=\"margin:0;--fontSize:26;--minFontSize:26;line-height:1.15;\">Ins\u00edgnias<\/h2><span class=\"awb-title-spacer\"><\/span><div class=\"title-sep-container title-sep-container-right\"><div class=\"title-sep sep- sep-solid\" style=\"border-color:#e0dede;\"><\/div><\/div><\/div><div class=\"fusion-separator fusion-full-width-sep\" style=\"align-self: center;margin-left: auto;margin-right: auto;margin-bottom:40px;width:100%;\"><div class=\"fusion-separator-border sep-single sep-solid\" style=\"--awb-height:20px;--awb-amount:20px;--awb-sep-color:#87042b;border-color:#87042b;border-top-width:3px;\"><\/div><\/div><div class=\"fusion-text fusion-text-1\" style=\"--awb-text-transform:none;\"><p>Ao ser aceite na Confraria, cada membro assina o Livro de Honra, recebe a sua <strong><span style=\"color: #993300;\">Tambuladeira<\/span> <\/strong>e o seu <strong><span style=\"color: #993300;\">Diploma<\/span> <\/strong>com a data do Cap\u00edtulo em que a sua candidatura foi aprovada.<\/p>\n<\/div>\n<div class=\"table-2\">\n<table width=\"50%\" align=\"center\">\n<tbody>\n<tr>\n<td align=\"center\"><div class=\"fusion-image-element \" style=\"--awb-caption-title-font-family:var(--h2_typography-font-family);--awb-caption-title-font-weight:var(--h2_typography-font-weight);--awb-caption-title-font-style:var(--h2_typography-font-style);--awb-caption-title-size:var(--h2_typography-font-size);--awb-caption-title-transform:var(--h2_typography-text-transform);--awb-caption-title-line-height:var(--h2_typography-line-height);--awb-caption-title-letter-spacing:var(--h2_typography-letter-spacing);\"><span class=\" fusion-imageframe imageframe-none imageframe-1 hover-type-none\"><img decoding=\"async\" width=\"1067\" height=\"800\" title=\"Livro-de-Honra\" data-src=\"https:\/\/confrariadovinhodoporto.com\/wp-content\/uploads\/2022\/03\/Livro-de-Honra.jpg\" alt class=\"img-responsive wp-image-5953 lazyload\" data-srcset=\"https:\/\/confrariadovinhodoporto.com\/wp-content\/uploads\/2022\/03\/Livro-de-Honra-200x150.jpg 200w, https:\/\/confrariadovinhodoporto.com\/wp-content\/uploads\/2022\/03\/Livro-de-Honra-400x300.jpg 400w, https:\/\/confrariadovinhodoporto.com\/wp-content\/uploads\/2022\/03\/Livro-de-Honra-600x450.jpg 600w, https:\/\/confrariadovinhodoporto.com\/wp-content\/uploads\/2022\/03\/Livro-de-Honra-800x600.jpg 800w, https:\/\/confrariadovinhodoporto.com\/wp-content\/uploads\/2022\/03\/Livro-de-Honra.jpg 1067w\" data-sizes=\"(max-width: 1024px) 100vw, (max-width: 640px) 100vw, 1067px\" src=\"data:image\/svg+xml;base64,PHN2ZyB3aWR0aD0iMSIgaGVpZ2h0PSIxIiB4bWxucz0iaHR0cDovL3d3dy53My5vcmcvMjAwMC9zdmciPjwvc3ZnPg==\" style=\"--smush-placeholder-width: 1067px; --smush-placeholder-aspect-ratio: 1067\/800;\" \/><\/span><\/div><\/td>\n<td align=\"center\"><div class=\"fusion-image-element \" style=\"--awb-caption-title-font-family:var(--h2_typography-font-family);--awb-caption-title-font-weight:var(--h2_typography-font-weight);--awb-caption-title-font-style:var(--h2_typography-font-style);--awb-caption-title-size:var(--h2_typography-font-size);--awb-caption-title-transform:var(--h2_typography-text-transform);--awb-caption-title-line-height:var(--h2_typography-line-height);--awb-caption-title-letter-spacing:var(--h2_typography-letter-spacing);\"><span class=\" fusion-imageframe imageframe-none imageframe-2 hover-type-none\"><img decoding=\"async\" width=\"618\" height=\"800\" title=\"Diploma_IMG_0602_800x618\" data-src=\"https:\/\/confrariadovinhodoporto.com\/wp-content\/uploads\/2022\/03\/Diploma_IMG_0602_800x618.jpg\" alt class=\"img-responsive wp-image-5946 lazyload\" data-srcset=\"https:\/\/confrariadovinhodoporto.com\/wp-content\/uploads\/2022\/03\/Diploma_IMG_0602_800x618-200x259.jpg 200w, https:\/\/confrariadovinhodoporto.com\/wp-content\/uploads\/2022\/03\/Diploma_IMG_0602_800x618-400x518.jpg 400w, https:\/\/confrariadovinhodoporto.com\/wp-content\/uploads\/2022\/03\/Diploma_IMG_0602_800x618-600x777.jpg 600w, https:\/\/confrariadovinhodoporto.com\/wp-content\/uploads\/2022\/03\/Diploma_IMG_0602_800x618.jpg 618w\" data-sizes=\"(max-width: 1024px) 100vw, (max-width: 640px) 100vw, 618px\" src=\"data:image\/svg+xml;base64,PHN2ZyB3aWR0aD0iMSIgaGVpZ2h0PSIxIiB4bWxucz0iaHR0cDovL3d3dy53My5vcmcvMjAwMC9zdmciPjwvc3ZnPg==\" style=\"--smush-placeholder-width: 618px; --smush-placeholder-aspect-ratio: 618\/800;\" \/><\/span><\/div><\/td>\n<\/tr>\n<\/tbody>\n<\/table>\n<\/div>\n<\/div><\/div><\/div><\/div><div class=\"fusion-fullwidth fullwidth-box fusion-builder-row-2 fusion-flex-container nonhundred-percent-fullwidth non-hundred-percent-height-scrolling\" style=\"--awb-border-radius-top-left:0px;--awb-border-radius-top-right:0px;--awb-border-radius-bottom-right:0px;--awb-border-radius-bottom-left:0px;--awb-flex-wrap:wrap;\" ><div class=\"fusion-builder-row fusion-row fusion-flex-align-items-flex-start fusion-flex-content-wrap\" style=\"max-width:1216.8px;margin-left: calc(-4% \/ 2 );margin-right: calc(-4% \/ 2 );\"><div class=\"fusion-layout-column fusion_builder_column fusion-builder-column-1 fusion_builder_column_1_1 1_1 fusion-flex-column\" style=\"--awb-bg-size:cover;--awb-width-large:100%;--awb-margin-top-large:0px;--awb-spacing-right-large:1.92%;--awb-margin-bottom-large:20px;--awb-spacing-left-large:1.92%;--awb-width-medium:100%;--awb-order-medium:0;--awb-spacing-right-medium:1.92%;--awb-spacing-left-medium:1.92%;--awb-width-small:100%;--awb-order-small:0;--awb-spacing-right-small:1.92%;--awb-spacing-left-small:1.92%;\"><div class=\"fusion-column-wrapper fusion-column-has-shadow fusion-flex-justify-content-flex-start fusion-content-layout-column\"><div class=\"fusion-text fusion-text-2\" style=\"--awb-text-transform:none;\"><p><strong>Tambuladeira<\/strong><\/p>\n<p>A Tambuladeira \u00e9 a ta\u00e7a de prova de vinhos de prata presa a uma fita verde e vermelha listrada usada \u00e0 volta do pesco\u00e7o por todos os Confrades, indicando a sua filia\u00e7\u00e3o na Confraria do Vinho do Porto.<\/p>\n<p>\u00c9 este instrumento hist\u00f3rico que une todos os Confrades, independentemente da sua posi\u00e7\u00e3o.<\/p>\n<p>Esta ta\u00e7a de prova de prata foi utilizada pelos exportadores do Vinho do Porto do s\u00e9culo XVII devido \u00e0 sua natureza relativamente plana e s\u00f3lida. Isto permitia um f\u00e1cil armazenamento num bolso ou numa mala de sela enquanto viajavam pela regi\u00e3o do Douro em busca de vinhos.<\/p>\n<p>O disco de prata de forma \u00fanica, com bordo e centro em relevo, semelhante ao fundo de uma garrafa de Vintage, permite ao provador cheirar, provar e avaliar a consist\u00eancia e intensidade da cor do Vinho do Porto jovem de acordo com a luz refletida pela prata polida.<\/p>\n<\/div><div class=\"fusion-image-element \" style=\"text-align:center;--awb-caption-title-font-family:var(--h2_typography-font-family);--awb-caption-title-font-weight:var(--h2_typography-font-weight);--awb-caption-title-font-style:var(--h2_typography-font-style);--awb-caption-title-size:var(--h2_typography-font-size);--awb-caption-title-transform:var(--h2_typography-text-transform);--awb-caption-title-line-height:var(--h2_typography-line-height);--awb-caption-title-letter-spacing:var(--h2_typography-letter-spacing);\"><span class=\" fusion-imageframe imageframe-none imageframe-3 hover-type-none\"><img decoding=\"async\" width=\"225\" height=\"300\" alt=\"Tambuladeira\" title=\"IMG_0612\" data-src=\"https:\/\/confrariadovinhodoporto.com\/wp-content\/uploads\/2022\/03\/IMG_0612-225x300.jpg\" class=\"img-responsive wp-image-5941 lazyload\" data-srcset=\"https:\/\/confrariadovinhodoporto.com\/wp-content\/uploads\/2022\/03\/IMG_0612-200x267.jpg 200w, https:\/\/confrariadovinhodoporto.com\/wp-content\/uploads\/2022\/03\/IMG_0612-400x533.jpg 400w, https:\/\/confrariadovinhodoporto.com\/wp-content\/uploads\/2022\/03\/IMG_0612-600x800.jpg 600w, https:\/\/confrariadovinhodoporto.com\/wp-content\/uploads\/2022\/03\/IMG_0612-800x1067.jpg 800w, https:\/\/confrariadovinhodoporto.com\/wp-content\/uploads\/2022\/03\/IMG_0612-1200x1600.jpg 1200w, https:\/\/confrariadovinhodoporto.com\/wp-content\/uploads\/2022\/03\/IMG_0612.jpg 1536w\" data-sizes=\"(max-width: 1024px) 100vw, (max-width: 640px) 100vw, 1200px\" src=\"data:image\/svg+xml;base64,PHN2ZyB3aWR0aD0iMSIgaGVpZ2h0PSIxIiB4bWxucz0iaHR0cDovL3d3dy53My5vcmcvMjAwMC9zdmciPjwvc3ZnPg==\" style=\"--smush-placeholder-width: 225px; --smush-placeholder-aspect-ratio: 225\/300;\" \/><\/span><\/div><\/div><\/div><\/div><\/div><\/p>\n","protected":false},"excerpt":{"rendered":"","protected":false},"author":1,"featured_media":0,"parent":0,"menu_order":0,"comment_status":"closed","ping_status":"closed","template":"","meta":{"inline_featured_image":false,"ngg_post_thumbnail":0,"_EventAllDay":false,"_EventTimezone":"","_EventStartDate":"","_EventEndDate":"","_EventStartDateUTC":"","_EventEndDateUTC":"","_EventShowMap":false,"_EventShowMapLink":false,"_EventURL":"","_EventCost":"","_EventCostDescription":"","_EventCurrencySymbol":"","_EventCurrencyCode":"","_EventCurrencyPosition":"","_EventDateTimeSeparator":"","_EventTimeRangeSeparator":"","_EventOrganizerID":[],"_EventVenueID":[],"_OrganizerEmail":"","_OrganizerPhone":"","_OrganizerWebsite":"","_VenueAddress":"","_VenueCity":"","_VenueCountry":"","_VenueProvince":"","_VenueState":"","_VenueZip":"","_VenuePhone":"","_VenueURL":"","_VenueStateProvince":"","_VenueLat":"","_VenueLng":"","_VenueShowMap":false,"_VenueShowMapLink":false,"footnotes":""},"class_list":["post-18583","page","type-page","status-publish","hentry"],"yoast_head":"<!-- This site is optimized with the Yoast SEO plugin v27.2 - https:\/\/yoast.com\/product\/yoast-seo-wordpress\/ -->\n<title>Ins\u00edgnias - Confraria do Vinho do Porto<\/title>\n<meta name=\"robots\" content=\"index, follow, max-snippet:-1, max-image-preview:large, max-video-preview:-1\" \/>\n<link rel=\"canonical\" href=\"https:\/\/confrariadovinhodoporto.com\/pt-pt\/insignias-2\/\" \/>\n<meta property=\"og:locale\" content=\"pt_PT\" \/>\n<meta property=\"og:type\" content=\"article\" \/>\n<meta property=\"og:title\" content=\"Ins\u00edgnias - Confraria do Vinho do Porto\" \/>\n<meta property=\"og:url\" content=\"https:\/\/confrariadovinhodoporto.com\/pt-pt\/insignias-2\/\" \/>\n<meta property=\"og:site_name\" content=\"Confraria do Vinho do Porto\" \/>\n<meta property=\"article:publisher\" content=\"https:\/\/www.facebook.com\/confrariavinhodoporto\" \/>\n<meta property=\"article:modified_time\" content=\"2023-03-27T13:26:40+00:00\" \/>\n<meta property=\"og:image\" content=\"https:\/\/confrariadovinhodoporto.com\/wp-content\/uploads\/2021\/07\/logo_temp2.jpg\" \/>\n\t<meta property=\"og:image:width\" content=\"647\" \/>\n\t<meta property=\"og:image:height\" content=\"362\" \/>\n\t<meta property=\"og:image:type\" content=\"image\/jpeg\" \/>\n<meta name=\"twitter:card\" content=\"summary_large_image\" \/>\n<meta name=\"twitter:site\" content=\"@confrariavinhodoporto\" \/>\n<meta name=\"twitter:label1\" content=\"Tempo estimado de leitura\" \/>\n\t<meta name=\"twitter:data1\" content=\"4 minutos\" \/>\n<script type=\"application\/ld+json\" class=\"yoast-schema-graph\">{\"@context\":\"https:\/\/schema.org\",\"@graph\":[{\"@type\":\"WebPage\",\"@id\":\"https:\/\/confrariadovinhodoporto.com\/pt-pt\/insignias-2\/\",\"url\":\"https:\/\/confrariadovinhodoporto.com\/pt-pt\/insignias-2\/\",\"name\":\"Ins\u00edgnias - Confraria do Vinho do Porto\",\"isPartOf\":{\"@id\":\"https:\/\/confrariadovinhodoporto.com\/pt-pt\/#website\"},\"datePublished\":\"2023-03-27T13:26:39+00:00\",\"dateModified\":\"2023-03-27T13:26:40+00:00\",\"breadcrumb\":{\"@id\":\"https:\/\/confrariadovinhodoporto.com\/pt-pt\/insignias-2\/#breadcrumb\"},\"inLanguage\":\"pt-PT\",\"potentialAction\":[{\"@type\":\"ReadAction\",\"target\":[\"https:\/\/confrariadovinhodoporto.com\/pt-pt\/insignias-2\/\"]}]},{\"@type\":\"BreadcrumbList\",\"@id\":\"https:\/\/confrariadovinhodoporto.com\/pt-pt\/insignias-2\/#breadcrumb\",\"itemListElement\":[{\"@type\":\"ListItem\",\"position\":1,\"name\":\"Home\",\"item\":\"https:\/\/confrariadovinhodoporto.com\/pt-pt\/\"},{\"@type\":\"ListItem\",\"position\":2,\"name\":\"Ins\u00edgnias\"}]},{\"@type\":\"WebSite\",\"@id\":\"https:\/\/confrariadovinhodoporto.com\/pt-pt\/#website\",\"url\":\"https:\/\/confrariadovinhodoporto.com\/pt-pt\/\",\"name\":\"Confraria do Vinho do Porto\",\"description\":\"Confraria do Vinho do Porto\",\"publisher\":{\"@id\":\"https:\/\/confrariadovinhodoporto.com\/pt-pt\/#organization\"},\"potentialAction\":[{\"@type\":\"SearchAction\",\"target\":{\"@type\":\"EntryPoint\",\"urlTemplate\":\"https:\/\/confrariadovinhodoporto.com\/pt-pt\/?s={search_term_string}\"},\"query-input\":{\"@type\":\"PropertyValueSpecification\",\"valueRequired\":true,\"valueName\":\"search_term_string\"}}],\"inLanguage\":\"pt-PT\"},{\"@type\":\"Organization\",\"@id\":\"https:\/\/confrariadovinhodoporto.com\/pt-pt\/#organization\",\"name\":\"Confraria do Vinho do Porto\",\"url\":\"https:\/\/confrariadovinhodoporto.com\/pt-pt\/\",\"logo\":{\"@type\":\"ImageObject\",\"inLanguage\":\"pt-PT\",\"@id\":\"https:\/\/confrariadovinhodoporto.com\/pt-pt\/#\/schema\/logo\/image\/\",\"url\":\"https:\/\/confrariadovinhodoporto.com\/wp-content\/uploads\/2021\/09\/Confraria_Logo-oficial-vinho-FULL.jpg\",\"contentUrl\":\"https:\/\/confrariadovinhodoporto.com\/wp-content\/uploads\/2021\/09\/Confraria_Logo-oficial-vinho-FULL.jpg\",\"width\":1500,\"height\":1000,\"caption\":\"Confraria do Vinho do Porto\"},\"image\":{\"@id\":\"https:\/\/confrariadovinhodoporto.com\/pt-pt\/#\/schema\/logo\/image\/\"},\"sameAs\":[\"https:\/\/www.facebook.com\/confrariavinhodoporto\",\"https:\/\/x.com\/confrariavinhodoporto\",\"https:\/\/www.instagram.com\/confrariavinhodoporto\/\",\"https:\/\/www.youtube.com\/channel\/UCc_BoRbpZn4EK-2yqd-pCLA\"]}]}<\/script>\n<!-- \/ Yoast SEO plugin. -->","yoast_head_json":{"title":"Ins\u00edgnias - Confraria do Vinho do Porto","robots":{"index":"index","follow":"follow","max-snippet":"max-snippet:-1","max-image-preview":"max-image-preview:large","max-video-preview":"max-video-preview:-1"},"canonical":"https:\/\/confrariadovinhodoporto.com\/pt-pt\/insignias-2\/","og_locale":"pt_PT","og_type":"article","og_title":"Ins\u00edgnias - Confraria do Vinho do Porto","og_url":"https:\/\/confrariadovinhodoporto.com\/pt-pt\/insignias-2\/","og_site_name":"Confraria do Vinho do Porto","article_publisher":"https:\/\/www.facebook.com\/confrariavinhodoporto","article_modified_time":"2023-03-27T13:26:40+00:00","og_image":[{"width":647,"height":362,"url":"https:\/\/confrariadovinhodoporto.com\/wp-content\/uploads\/2021\/07\/logo_temp2.jpg","type":"image\/jpeg"}],"twitter_card":"summary_large_image","twitter_site":"@confrariavinhodoporto","twitter_misc":{"Tempo estimado de leitura":"4 minutos"},"schema":{"@context":"https:\/\/schema.org","@graph":[{"@type":"WebPage","@id":"https:\/\/confrariadovinhodoporto.com\/pt-pt\/insignias-2\/","url":"https:\/\/confrariadovinhodoporto.com\/pt-pt\/insignias-2\/","name":"Ins\u00edgnias - Confraria do Vinho do Porto","isPartOf":{"@id":"https:\/\/confrariadovinhodoporto.com\/pt-pt\/#website"},"datePublished":"2023-03-27T13:26:39+00:00","dateModified":"2023-03-27T13:26:40+00:00","breadcrumb":{"@id":"https:\/\/confrariadovinhodoporto.com\/pt-pt\/insignias-2\/#breadcrumb"},"inLanguage":"pt-PT","potentialAction":[{"@type":"ReadAction","target":["https:\/\/confrariadovinhodoporto.com\/pt-pt\/insignias-2\/"]}]},{"@type":"BreadcrumbList","@id":"https:\/\/confrariadovinhodoporto.com\/pt-pt\/insignias-2\/#breadcrumb","itemListElement":[{"@type":"ListItem","position":1,"name":"Home","item":"https:\/\/confrariadovinhodoporto.com\/pt-pt\/"},{"@type":"ListItem","position":2,"name":"Ins\u00edgnias"}]},{"@type":"WebSite","@id":"https:\/\/confrariadovinhodoporto.com\/pt-pt\/#website","url":"https:\/\/confrariadovinhodoporto.com\/pt-pt\/","name":"Confraria do Vinho do Porto","description":"Confraria do Vinho do Porto","publisher":{"@id":"https:\/\/confrariadovinhodoporto.com\/pt-pt\/#organization"},"potentialAction":[{"@type":"SearchAction","target":{"@type":"EntryPoint","urlTemplate":"https:\/\/confrariadovinhodoporto.com\/pt-pt\/?s={search_term_string}"},"query-input":{"@type":"PropertyValueSpecification","valueRequired":true,"valueName":"search_term_string"}}],"inLanguage":"pt-PT"},{"@type":"Organization","@id":"https:\/\/confrariadovinhodoporto.com\/pt-pt\/#organization","name":"Confraria do Vinho do Porto","url":"https:\/\/confrariadovinhodoporto.com\/pt-pt\/","logo":{"@type":"ImageObject","inLanguage":"pt-PT","@id":"https:\/\/confrariadovinhodoporto.com\/pt-pt\/#\/schema\/logo\/image\/","url":"https:\/\/confrariadovinhodoporto.com\/wp-content\/uploads\/2021\/09\/Confraria_Logo-oficial-vinho-FULL.jpg","contentUrl":"https:\/\/confrariadovinhodoporto.com\/wp-content\/uploads\/2021\/09\/Confraria_Logo-oficial-vinho-FULL.jpg","width":1500,"height":1000,"caption":"Confraria do Vinho do Porto"},"image":{"@id":"https:\/\/confrariadovinhodoporto.com\/pt-pt\/#\/schema\/logo\/image\/"},"sameAs":["https:\/\/www.facebook.com\/confrariavinhodoporto","https:\/\/x.com\/confrariavinhodoporto","https:\/\/www.instagram.com\/confrariavinhodoporto\/","https:\/\/www.youtube.com\/channel\/UCc_BoRbpZn4EK-2yqd-pCLA"]}]}},"_links":{"self":[{"href":"https:\/\/confrariadovinhodoporto.com\/pt-pt\/wp-json\/wp\/v2\/pages\/18583","targetHints":{"allow":["GET"]}}],"collection":[{"href":"https:\/\/confrariadovinhodoporto.com\/pt-pt\/wp-json\/wp\/v2\/pages"}],"about":[{"href":"https:\/\/confrariadovinhodoporto.com\/pt-pt\/wp-json\/wp\/v2\/types\/page"}],"author":[{"embeddable":true,"href":"https:\/\/confrariadovinhodoporto.com\/pt-pt\/wp-json\/wp\/v2\/users\/1"}],"replies":[{"embeddable":true,"href":"https:\/\/confrariadovinhodoporto.com\/pt-pt\/wp-json\/wp\/v2\/comments?post=18583"}],"version-history":[{"count":3,"href":"https:\/\/confrariadovinhodoporto.com\/pt-pt\/wp-json\/wp\/v2\/pages\/18583\/revisions"}],"predecessor-version":[{"id":18588,"href":"https:\/\/confrariadovinhodoporto.com\/pt-pt\/wp-json\/wp\/v2\/pages\/18583\/revisions\/18588"}],"wp:attachment":[{"href":"https:\/\/confrariadovinhodoporto.com\/pt-pt\/wp-json\/wp\/v2\/media?parent=18583"}],"curies":[{"name":"wp","href":"https:\/\/api.w.org\/{rel}","templated":true}]}}