{"id":3976,"date":"2022-02-12T20:34:12","date_gmt":"2022-02-12T20:34:12","guid":{"rendered":"https:\/\/confrariadovinhodoporto.com\/?page_id=3976"},"modified":"2023-03-24T17:18:12","modified_gmt":"2023-03-24T17:18:12","slug":"statuts-et-regles","status":"publish","type":"page","link":"https:\/\/confrariadovinhodoporto.com\/fr\/statuts-et-regles\/","title":{"rendered":"Statuts et R\u00e8gles"},"content":{"rendered":"<div class=\"fusion-fullwidth fullwidth-box fusion-builder-row-1 fusion-flex-container nonhundred-percent-fullwidth non-hundred-percent-height-scrolling\" style=\"--awb-border-radius-top-left:0px;--awb-border-radius-top-right:0px;--awb-border-radius-bottom-right:0px;--awb-border-radius-bottom-left:0px;--awb-flex-wrap:wrap;\" ><div class=\"fusion-builder-row fusion-row fusion-flex-align-items-flex-start fusion-flex-content-wrap\" style=\"max-width:1216.8px;margin-left: calc(-4% \/ 2 );margin-right: calc(-4% \/ 2 );\"><div class=\"fusion-layout-column fusion_builder_column fusion-builder-column-0 fusion_builder_column_1_1 1_1 fusion-flex-column\" style=\"--awb-bg-size:cover;--awb-width-large:100%;--awb-margin-top-large:0px;--awb-spacing-right-large:1.92%;--awb-margin-bottom-large:20px;--awb-spacing-left-large:1.92%;--awb-width-medium:100%;--awb-order-medium:0;--awb-spacing-right-medium:1.92%;--awb-spacing-left-medium:1.92%;--awb-width-small:100%;--awb-order-small:0;--awb-spacing-right-small:1.92%;--awb-spacing-left-small:1.92%;\"><div class=\"fusion-column-wrapper fusion-column-has-shadow fusion-flex-justify-content-flex-start fusion-content-layout-column\"><div class=\"fusion-title title fusion-title-1 fusion-title-text fusion-title-size-two\"><div class=\"title-sep-container title-sep-container-left fusion-no-large-visibility fusion-no-medium-visibility fusion-no-small-visibility\"><div class=\"title-sep sep- sep-solid\" style=\"border-color:#e0dede;\"><\/div><\/div><span class=\"awb-title-spacer fusion-no-large-visibility fusion-no-medium-visibility fusion-no-small-visibility\"><\/span><h2 class=\"fusion-title-heading title-heading-left fusion-responsive-typography-calculated\" style=\"margin:0;--fontSize:26;--minFontSize:26;line-height:1.15;\">Statuts et R\u00e8gles<\/h2><span class=\"awb-title-spacer\"><\/span><div class=\"title-sep-container title-sep-container-right\"><div class=\"title-sep sep- sep-solid\" style=\"border-color:#e0dede;\"><\/div><\/div><\/div><div class=\"fusion-separator fusion-full-width-sep\" style=\"align-self: center;margin-left: auto;margin-right: auto;margin-bottom:40px;width:100%;\"><div class=\"fusion-separator-border sep-single sep-solid\" style=\"--awb-height:20px;--awb-amount:20px;--awb-sep-color:#87042b;border-color:#87042b;border-top-width:3px;\"><\/div><\/div><div class=\"fusion-text fusion-text-1\" style=\"--awb-text-transform:none;\"><p>Les r\u00e8gles de la Confraria sont stipul\u00e9es dans les Statuts et dans les Usan\u00e7as (Usages). Les statuts ont fait l\u2019objet d\u2019un acte notari\u00e9 ; les r\u00e8gles internes ont \u00e9t\u00e9 valid\u00e9es par le Capitulo.<\/p>\n<p>Ces deux documents sont compl\u00e9mentaires et visent \u00e0 d\u00e9finir, avec pr\u00e9cision, les r\u00e8gles qui r\u00e9gissent les activit\u00e9s de la Confraria do Vinho do Porto.<\/p>\n<p>Par exemple, les grades des Confrades sont \u00e9tablis dans les Statuts alors que leurs insignes de c\u00e9r\u00e9monie sont d\u00e9finis dans les Usan\u00e7as.<\/p>\n<p>Tant les Statuts que les Usan\u00e7as peuvent \u00eatre int\u00e9gralement consult\u00e9s dans la partie r\u00e9serv\u00e9e aux Confrades.<\/p>\n<\/div><\/div><\/div><\/div><\/div>\n","protected":false},"excerpt":{"rendered":"","protected":false},"author":14,"featured_media":0,"parent":0,"menu_order":0,"comment_status":"closed","ping_status":"closed","template":"","meta":{"inline_featured_image":false,"ngg_post_thumbnail":0,"_EventAllDay":false,"_EventTimezone":"","_EventStartDate":"","_EventEndDate":"","_EventStartDateUTC":"","_EventEndDateUTC":"","_EventShowMap":false,"_EventShowMapLink":false,"_EventURL":"","_EventCost":"","_EventCostDescription":"","_EventCurrencySymbol":"","_EventCurrencyCode":"","_EventCurrencyPosition":"","_EventDateTimeSeparator":"","_EventTimeRangeSeparator":"","_EventOrganizerID":[],"_EventVenueID":[],"_OrganizerEmail":"","_OrganizerPhone":"","_OrganizerWebsite":"","_VenueAddress":"","_VenueCity":"","_VenueCountry":"","_VenueProvince":"","_VenueState":"","_VenueZip":"","_VenuePhone":"","_VenueURL":"","_VenueStateProvince":"","_VenueLat":"","_VenueLng":"","_VenueShowMap":false,"_VenueShowMapLink":false,"footnotes":""},"class_list":["post-3976","page","type-page","status-publish","hentry"],"yoast_head":"<!-- This site is optimized with the Yoast SEO plugin v27.2 - https:\/\/yoast.com\/product\/yoast-seo-wordpress\/ -->\n<title>Statuts et R\u00e8gles - Confraria do Vinho do Porto<\/title>\n<meta name=\"robots\" content=\"index, follow, max-snippet:-1, max-image-preview:large, max-video-preview:-1\" \/>\n<link rel=\"canonical\" href=\"https:\/\/confrariadovinhodoporto.com\/fr\/statuts-et-regles\/\" \/>\n<meta property=\"og:locale\" content=\"fr_FR\" \/>\n<meta property=\"og:type\" content=\"article\" \/>\n<meta property=\"og:title\" content=\"Statuts et R\u00e8gles - Confraria do Vinho do Porto\" \/>\n<meta property=\"og:url\" content=\"https:\/\/confrariadovinhodoporto.com\/fr\/statuts-et-regles\/\" \/>\n<meta property=\"og:site_name\" content=\"Confraria do Vinho do Porto\" \/>\n<meta property=\"article:publisher\" content=\"https:\/\/www.facebook.com\/confrariavinhodoporto\" \/>\n<meta property=\"article:modified_time\" content=\"2023-03-24T17:18:12+00:00\" \/>\n<meta property=\"og:image\" content=\"https:\/\/confrariadovinhodoporto.com\/wp-content\/uploads\/2021\/07\/logo_temp2.jpg\" \/>\n\t<meta property=\"og:image:width\" content=\"647\" \/>\n\t<meta property=\"og:image:height\" content=\"362\" \/>\n\t<meta property=\"og:image:type\" content=\"image\/jpeg\" \/>\n<meta name=\"twitter:card\" content=\"summary_large_image\" \/>\n<meta name=\"twitter:site\" content=\"@confrariavinhodoporto\" \/>\n<meta name=\"twitter:label1\" content=\"Dur\u00e9e de lecture estim\u00e9e\" \/>\n\t<meta name=\"twitter:data1\" content=\"4 minutes\" \/>\n<script type=\"application\/ld+json\" class=\"yoast-schema-graph\">{\"@context\":\"https:\/\/schema.org\",\"@graph\":[{\"@type\":\"WebPage\",\"@id\":\"https:\/\/confrariadovinhodoporto.com\/fr\/statuts-et-regles\/\",\"url\":\"https:\/\/confrariadovinhodoporto.com\/fr\/statuts-et-regles\/\",\"name\":\"Statuts et R\u00e8gles - Confraria do Vinho do Porto\",\"isPartOf\":{\"@id\":\"https:\/\/confrariadovinhodoporto.com\/fr\/#website\"},\"datePublished\":\"2022-02-12T20:34:12+00:00\",\"dateModified\":\"2023-03-24T17:18:12+00:00\",\"breadcrumb\":{\"@id\":\"https:\/\/confrariadovinhodoporto.com\/fr\/statuts-et-regles\/#breadcrumb\"},\"inLanguage\":\"fr-FR\",\"potentialAction\":[{\"@type\":\"ReadAction\",\"target\":[\"https:\/\/confrariadovinhodoporto.com\/fr\/statuts-et-regles\/\"]}]},{\"@type\":\"BreadcrumbList\",\"@id\":\"https:\/\/confrariadovinhodoporto.com\/fr\/statuts-et-regles\/#breadcrumb\",\"itemListElement\":[{\"@type\":\"ListItem\",\"position\":1,\"name\":\"Home\",\"item\":\"https:\/\/confrariadovinhodoporto.com\/fr\/\"},{\"@type\":\"ListItem\",\"position\":2,\"name\":\"Statuts et R\u00e8gles\"}]},{\"@type\":\"WebSite\",\"@id\":\"https:\/\/confrariadovinhodoporto.com\/fr\/#website\",\"url\":\"https:\/\/confrariadovinhodoporto.com\/fr\/\",\"name\":\"Confraria do Vinho do Porto\",\"description\":\"Confraria do Vinho do Porto\",\"publisher\":{\"@id\":\"https:\/\/confrariadovinhodoporto.com\/fr\/#organization\"},\"potentialAction\":[{\"@type\":\"SearchAction\",\"target\":{\"@type\":\"EntryPoint\",\"urlTemplate\":\"https:\/\/confrariadovinhodoporto.com\/fr\/?s={search_term_string}\"},\"query-input\":{\"@type\":\"PropertyValueSpecification\",\"valueRequired\":true,\"valueName\":\"search_term_string\"}}],\"inLanguage\":\"fr-FR\"},{\"@type\":\"Organization\",\"@id\":\"https:\/\/confrariadovinhodoporto.com\/fr\/#organization\",\"name\":\"Confraria do Vinho do Porto\",\"url\":\"https:\/\/confrariadovinhodoporto.com\/fr\/\",\"logo\":{\"@type\":\"ImageObject\",\"inLanguage\":\"fr-FR\",\"@id\":\"https:\/\/confrariadovinhodoporto.com\/fr\/#\/schema\/logo\/image\/\",\"url\":\"https:\/\/confrariadovinhodoporto.com\/wp-content\/uploads\/2021\/09\/Confraria_Logo-oficial-vinho-FULL.jpg\",\"contentUrl\":\"https:\/\/confrariadovinhodoporto.com\/wp-content\/uploads\/2021\/09\/Confraria_Logo-oficial-vinho-FULL.jpg\",\"width\":1500,\"height\":1000,\"caption\":\"Confraria do Vinho do Porto\"},\"image\":{\"@id\":\"https:\/\/confrariadovinhodoporto.com\/fr\/#\/schema\/logo\/image\/\"},\"sameAs\":[\"https:\/\/www.facebook.com\/confrariavinhodoporto\",\"https:\/\/x.com\/confrariavinhodoporto\",\"https:\/\/www.instagram.com\/confrariavinhodoporto\/\",\"https:\/\/www.youtube.com\/channel\/UCc_BoRbpZn4EK-2yqd-pCLA\"]}]}<\/script>\n<!-- \/ Yoast SEO plugin. -->","yoast_head_json":{"title":"Statuts et R\u00e8gles - Confraria do Vinho do Porto","robots":{"index":"index","follow":"follow","max-snippet":"max-snippet:-1","max-image-preview":"max-image-preview:large","max-video-preview":"max-video-preview:-1"},"canonical":"https:\/\/confrariadovinhodoporto.com\/fr\/statuts-et-regles\/","og_locale":"fr_FR","og_type":"article","og_title":"Statuts et R\u00e8gles - Confraria do Vinho do Porto","og_url":"https:\/\/confrariadovinhodoporto.com\/fr\/statuts-et-regles\/","og_site_name":"Confraria do Vinho do Porto","article_publisher":"https:\/\/www.facebook.com\/confrariavinhodoporto","article_modified_time":"2023-03-24T17:18:12+00:00","og_image":[{"width":647,"height":362,"url":"https:\/\/confrariadovinhodoporto.com\/wp-content\/uploads\/2021\/07\/logo_temp2.jpg","type":"image\/jpeg"}],"twitter_card":"summary_large_image","twitter_site":"@confrariavinhodoporto","twitter_misc":{"Dur\u00e9e de lecture estim\u00e9e":"4 minutes"},"schema":{"@context":"https:\/\/schema.org","@graph":[{"@type":"WebPage","@id":"https:\/\/confrariadovinhodoporto.com\/fr\/statuts-et-regles\/","url":"https:\/\/confrariadovinhodoporto.com\/fr\/statuts-et-regles\/","name":"Statuts et R\u00e8gles - Confraria do Vinho do Porto","isPartOf":{"@id":"https:\/\/confrariadovinhodoporto.com\/fr\/#website"},"datePublished":"2022-02-12T20:34:12+00:00","dateModified":"2023-03-24T17:18:12+00:00","breadcrumb":{"@id":"https:\/\/confrariadovinhodoporto.com\/fr\/statuts-et-regles\/#breadcrumb"},"inLanguage":"fr-FR","potentialAction":[{"@type":"ReadAction","target":["https:\/\/confrariadovinhodoporto.com\/fr\/statuts-et-regles\/"]}]},{"@type":"BreadcrumbList","@id":"https:\/\/confrariadovinhodoporto.com\/fr\/statuts-et-regles\/#breadcrumb","itemListElement":[{"@type":"ListItem","position":1,"name":"Home","item":"https:\/\/confrariadovinhodoporto.com\/fr\/"},{"@type":"ListItem","position":2,"name":"Statuts et R\u00e8gles"}]},{"@type":"WebSite","@id":"https:\/\/confrariadovinhodoporto.com\/fr\/#website","url":"https:\/\/confrariadovinhodoporto.com\/fr\/","name":"Confraria do Vinho do Porto","description":"Confraria do Vinho do Porto","publisher":{"@id":"https:\/\/confrariadovinhodoporto.com\/fr\/#organization"},"potentialAction":[{"@type":"SearchAction","target":{"@type":"EntryPoint","urlTemplate":"https:\/\/confrariadovinhodoporto.com\/fr\/?s={search_term_string}"},"query-input":{"@type":"PropertyValueSpecification","valueRequired":true,"valueName":"search_term_string"}}],"inLanguage":"fr-FR"},{"@type":"Organization","@id":"https:\/\/confrariadovinhodoporto.com\/fr\/#organization","name":"Confraria do Vinho do Porto","url":"https:\/\/confrariadovinhodoporto.com\/fr\/","logo":{"@type":"ImageObject","inLanguage":"fr-FR","@id":"https:\/\/confrariadovinhodoporto.com\/fr\/#\/schema\/logo\/image\/","url":"https:\/\/confrariadovinhodoporto.com\/wp-content\/uploads\/2021\/09\/Confraria_Logo-oficial-vinho-FULL.jpg","contentUrl":"https:\/\/confrariadovinhodoporto.com\/wp-content\/uploads\/2021\/09\/Confraria_Logo-oficial-vinho-FULL.jpg","width":1500,"height":1000,"caption":"Confraria do Vinho do Porto"},"image":{"@id":"https:\/\/confrariadovinhodoporto.com\/fr\/#\/schema\/logo\/image\/"},"sameAs":["https:\/\/www.facebook.com\/confrariavinhodoporto","https:\/\/x.com\/confrariavinhodoporto","https:\/\/www.instagram.com\/confrariavinhodoporto\/","https:\/\/www.youtube.com\/channel\/UCc_BoRbpZn4EK-2yqd-pCLA"]}]}},"_links":{"self":[{"href":"https:\/\/confrariadovinhodoporto.com\/fr\/wp-json\/wp\/v2\/pages\/3976","targetHints":{"allow":["GET"]}}],"collection":[{"href":"https:\/\/confrariadovinhodoporto.com\/fr\/wp-json\/wp\/v2\/pages"}],"about":[{"href":"https:\/\/confrariadovinhodoporto.com\/fr\/wp-json\/wp\/v2\/types\/page"}],"author":[{"embeddable":true,"href":"https:\/\/confrariadovinhodoporto.com\/fr\/wp-json\/wp\/v2\/users\/14"}],"replies":[{"embeddable":true,"href":"https:\/\/confrariadovinhodoporto.com\/fr\/wp-json\/wp\/v2\/comments?post=3976"}],"version-history":[{"count":12,"href":"https:\/\/confrariadovinhodoporto.com\/fr\/wp-json\/wp\/v2\/pages\/3976\/revisions"}],"predecessor-version":[{"id":18537,"href":"https:\/\/confrariadovinhodoporto.com\/fr\/wp-json\/wp\/v2\/pages\/3976\/revisions\/18537"}],"wp:attachment":[{"href":"https:\/\/confrariadovinhodoporto.com\/fr\/wp-json\/wp\/v2\/media?parent=3976"}],"curies":[{"name":"wp","href":"https:\/\/api.w.org\/{rel}","templated":true}]}}