{"id":2483,"date":"2022-01-23T20:17:21","date_gmt":"2022-01-23T20:17:21","guid":{"rendered":"https:\/\/confrariadovinhodoporto.com\/histoire\/"},"modified":"2023-03-24T16:26:06","modified_gmt":"2023-03-24T16:26:06","slug":"histoire-de-la-confraria","status":"publish","type":"page","link":"https:\/\/confrariadovinhodoporto.com\/fr\/histoire-de-la-confraria\/","title":{"rendered":"Histoire de la Confraria"},"content":{"rendered":"<p><div class=\"fusion-fullwidth fullwidth-box fusion-builder-row-1 fusion-flex-container nonhundred-percent-fullwidth non-hundred-percent-height-scrolling\" style=\"--awb-border-radius-top-left:0px;--awb-border-radius-top-right:0px;--awb-border-radius-bottom-right:0px;--awb-border-radius-bottom-left:0px;--awb-flex-wrap:wrap;\" ><div class=\"fusion-builder-row fusion-row fusion-flex-align-items-flex-start fusion-flex-content-wrap\" style=\"max-width:1216.8px;margin-left: calc(-4% \/ 2 );margin-right: calc(-4% \/ 2 );\"><div class=\"fusion-layout-column fusion_builder_column fusion-builder-column-0 fusion_builder_column_1_1 1_1 fusion-flex-column\" style=\"--awb-bg-size:cover;--awb-width-large:100%;--awb-margin-top-large:0px;--awb-spacing-right-large:1.92%;--awb-margin-bottom-large:0px;--awb-spacing-left-large:1.92%;--awb-width-medium:100%;--awb-spacing-right-medium:1.92%;--awb-spacing-left-medium:1.92%;--awb-width-small:100%;--awb-spacing-right-small:1.92%;--awb-spacing-left-small:1.92%;\"><div class=\"fusion-column-wrapper fusion-flex-justify-content-flex-start fusion-content-layout-column\"><div class=\"fusion-title title fusion-title-1 fusion-title-text fusion-title-size-two\"><div class=\"title-sep-container title-sep-container-left fusion-no-large-visibility fusion-no-medium-visibility fusion-no-small-visibility\"><div class=\"title-sep sep- sep-solid\" style=\"border-color:#e0dede;\"><\/div><\/div><span class=\"awb-title-spacer fusion-no-large-visibility fusion-no-medium-visibility fusion-no-small-visibility\"><\/span><h2 class=\"fusion-title-heading title-heading-left fusion-responsive-typography-calculated\" style=\"margin:0;--fontSize:26;--minFontSize:26;line-height:1.15;\">Histoire de la Confraria<\/h2><span class=\"awb-title-spacer\"><\/span><div class=\"title-sep-container title-sep-container-right\"><div class=\"title-sep sep- sep-solid\" style=\"border-color:#e0dede;\"><\/div><\/div><\/div><div class=\"fusion-separator fusion-full-width-sep\" style=\"align-self: center;margin-left: auto;margin-right: auto;margin-bottom:40px;width:100%;\"><div class=\"fusion-separator-border sep-single sep-solid\" style=\"--awb-height:20px;--awb-amount:20px;--awb-sep-color:#87042b;border-color:#87042b;border-top-width:3px;\"><\/div><\/div><\/div><\/div><div class=\"fusion-layout-column fusion_builder_column fusion-builder-column-1 fusion_builder_column_2_3 2_3 fusion-flex-column\" style=\"--awb-bg-size:cover;--awb-width-large:66.666666666667%;--awb-margin-top-large:0px;--awb-spacing-right-large:2.88%;--awb-margin-bottom-large:20px;--awb-spacing-left-large:2.88%;--awb-width-medium:100%;--awb-order-medium:0;--awb-spacing-right-medium:1.92%;--awb-spacing-left-medium:1.92%;--awb-width-small:100%;--awb-order-small:0;--awb-spacing-right-small:1.92%;--awb-spacing-left-small:1.92%;\"><div class=\"fusion-column-wrapper fusion-column-has-shadow fusion-flex-justify-content-flex-start fusion-content-layout-column\"><div class=\"fusion-text fusion-text-1\"><p>Fond\u00e9e en 1982, la Confraria do Vinho do Porto a \u00e9t\u00e9 cr\u00e9\u00e9e par les membres les plus imminents du commerce du Vin de Porto afin d\u2019unir leurs efforts en mati\u00e8re de communication et de promotion du Vin de Porto.<\/p>\n<p>Actuellement, compos\u00e9e de 2500 membres, cette Confraria est une r\u00e9f\u00e9rence incontournable et une gardienne de patrimoine immat\u00e9riel qui allie la tradition \u00e0 une vision pionni\u00e8re pour le futur du Vin de Porto.<\/p>\n<p>Les Mestres fondateurs ont choisi l\u2019Infante D. Henrique, \u00e9galement appel\u00e9 Henri le Navigateur, comme Patron de la Confraria do Vinho do Porto. Le troisi\u00e8me fils du Roi D. Jo\u00e3o I est n\u00e9 \u00e0 Porto le 4 mars 1394. Le caract\u00e8re indomptable de ce grand Prince portugais, qui a inspir\u00e9 les voyages et les d\u00e9couvertes maritimes les plus extraordinaires, se refl\u00e8te dans les valeurs et les qualit\u00e9s traditionnelles si caract\u00e9ristiques du Vin de Porto.<\/p>\n<\/div><\/div><\/div><div class=\"fusion-layout-column fusion_builder_column fusion-builder-column-2 fusion_builder_column_1_3 1_3 fusion-flex-column\" style=\"--awb-bg-size:cover;--awb-width-large:33.333333333333%;--awb-margin-top-large:0px;--awb-spacing-right-large:5.76%;--awb-margin-bottom-large:20px;--awb-spacing-left-large:5.76%;--awb-width-medium:100%;--awb-order-medium:0;--awb-spacing-right-medium:1.92%;--awb-spacing-left-medium:1.92%;--awb-width-small:100%;--awb-order-small:0;--awb-spacing-right-small:1.92%;--awb-spacing-left-small:1.92%;\"><div class=\"fusion-column-wrapper fusion-column-has-shadow fusion-flex-justify-content-flex-start fusion-content-layout-column\"><div class=\"fusion-image-element \" style=\"text-align:center;--awb-caption-title-font-family:var(--h2_typography-font-family);--awb-caption-title-font-weight:var(--h2_typography-font-weight);--awb-caption-title-font-style:var(--h2_typography-font-style);--awb-caption-title-size:var(--h2_typography-font-size);--awb-caption-title-transform:var(--h2_typography-text-transform);--awb-caption-title-line-height:var(--h2_typography-line-height);--awb-caption-title-letter-spacing:var(--h2_typography-letter-spacing);\"><span class=\" fusion-imageframe imageframe-none imageframe-1 hover-type-none\"><img decoding=\"async\" width=\"300\" height=\"169\" title=\"Brasao-CVP\" data-src=\"https:\/\/confrariadovinhodoporto.com\/wp-content\/uploads\/2022\/02\/Brasao-CVP.jpg\" alt class=\"img-responsive wp-image-3290 lazyload\" data-srcset=\"https:\/\/confrariadovinhodoporto.com\/wp-content\/uploads\/2022\/02\/Brasao-CVP-200x113.jpg 200w, https:\/\/confrariadovinhodoporto.com\/wp-content\/uploads\/2022\/02\/Brasao-CVP.jpg 300w\" data-sizes=\"(max-width: 1024px) 100vw, (max-width: 640px) 100vw, 300px\" src=\"data:image\/svg+xml;base64,PHN2ZyB3aWR0aD0iMSIgaGVpZ2h0PSIxIiB4bWxucz0iaHR0cDovL3d3dy53My5vcmcvMjAwMC9zdmciPjwvc3ZnPg==\" style=\"--smush-placeholder-width: 300px; --smush-placeholder-aspect-ratio: 300\/169;\" \/><\/span><\/div><\/div><\/div><\/div><\/div><div class=\"fusion-fullwidth fullwidth-box fusion-builder-row-2 fusion-flex-container has-pattern-background has-mask-background nonhundred-percent-fullwidth non-hundred-percent-height-scrolling\" style=\"--awb-border-radius-top-left:0px;--awb-border-radius-top-right:0px;--awb-border-radius-bottom-right:0px;--awb-border-radius-bottom-left:0px;--awb-flex-wrap:wrap;\" ><div class=\"fusion-builder-row fusion-row fusion-flex-align-items-flex-start fusion-flex-content-wrap\" style=\"max-width:1216.8px;margin-left: calc(-4% \/ 2 );margin-right: calc(-4% \/ 2 );\"><div class=\"fusion-layout-column fusion_builder_column fusion-builder-column-3 fusion_builder_column_1_1 1_1 fusion-flex-column\" style=\"--awb-bg-size:cover;--awb-width-large:100%;--awb-margin-top-large:0px;--awb-spacing-right-large:1.92%;--awb-margin-bottom-large:20px;--awb-spacing-left-large:1.92%;--awb-width-medium:100%;--awb-order-medium:0;--awb-spacing-right-medium:1.92%;--awb-spacing-left-medium:1.92%;--awb-width-small:100%;--awb-order-small:0;--awb-spacing-right-small:1.92%;--awb-spacing-left-small:1.92%;\"><div class=\"fusion-column-wrapper fusion-column-has-shadow fusion-flex-justify-content-flex-start fusion-content-layout-column\"><div class=\"fusion-text fusion-text-2\"><p>M\u00eame si le mouvement pour cr\u00e9er des confr\u00e9ries de vin a commenc\u00e9 en 1945, ce n\u2019est qu\u2019en 1964 que les efforts pour fonder la Confraria do Vinho do Porto ont commenc\u00e9 \u00e0 porter leurs fruits. Ainsi, bien que la cr\u00e9ation ait \u00e9t\u00e9 d\u00fbment organis\u00e9e, les nombreuses complexit\u00e9s relatives \u00e0 la cr\u00e9ation d\u2019associations ind\u00e9pendantes impos\u00e9es \u00e0 l\u2019\u00e9poque au Portugal ont retard\u00e9 le projet jusqu\u2019en 1982.<\/p>\n<p>Ce n\u2019est donc qu\u2019en novembre 1982 que la Confraria do Vinho do Porto a \u00e9t\u00e9 formellement constitu\u00e9e par acte notari\u00e9, rendant ainsi r\u00e9el le r\u00eave de longue date des Mestres fondateurs.<\/p>\n<p>Le si\u00e8ge qui \u00e9tait initialement situ\u00e9 au Pal\u00e1cio da Bolsa, \u00e0 Porto, se situe depuis 2004 Rua Dr. Ant\u00f3nio Granjo, \u00e0 Vila Nova de Gaia.<\/p>\n<p>Cr\u00e9\u00e9e avec l\u2019objectif statutaire de faire conna\u00eetre et promouvoir la r\u00e9putation mondiale du Vin de Porto, la Confraria do Vinho do Porto r\u00e9unit en son sein des membres qui, par leurs actions, r\u00e9putation ou position, contribuent de fa\u00e7on significative \u00e0 l\u2019image et \u00e0 la connaissance du Vin de Porto.<\/p>\n<\/div><\/div><\/div><\/div><\/div><\/p>\n","protected":false},"excerpt":{"rendered":"","protected":false},"author":1,"featured_media":0,"parent":0,"menu_order":0,"comment_status":"closed","ping_status":"closed","template":"","meta":{"inline_featured_image":false,"ngg_post_thumbnail":0,"_EventAllDay":false,"_EventTimezone":"","_EventStartDate":"","_EventEndDate":"","_EventStartDateUTC":"","_EventEndDateUTC":"","_EventShowMap":false,"_EventShowMapLink":false,"_EventURL":"","_EventCost":"","_EventCostDescription":"","_EventCurrencySymbol":"","_EventCurrencyCode":"","_EventCurrencyPosition":"","_EventDateTimeSeparator":"","_EventTimeRangeSeparator":"","_EventOrganizerID":[],"_EventVenueID":[],"_OrganizerEmail":"","_OrganizerPhone":"","_OrganizerWebsite":"","_VenueAddress":"","_VenueCity":"","_VenueCountry":"","_VenueProvince":"","_VenueState":"","_VenueZip":"","_VenuePhone":"","_VenueURL":"","_VenueStateProvince":"","_VenueLat":"","_VenueLng":"","_VenueShowMap":false,"_VenueShowMapLink":false,"footnotes":""},"class_list":["post-2483","page","type-page","status-publish","hentry"],"yoast_head":"<!-- This site is optimized with the Yoast SEO plugin v27.2 - https:\/\/yoast.com\/product\/yoast-seo-wordpress\/ -->\n<title>Histoire de la Confraria - Confraria do Vinho do Porto<\/title>\n<meta name=\"robots\" content=\"index, follow, max-snippet:-1, max-image-preview:large, max-video-preview:-1\" \/>\n<link rel=\"canonical\" href=\"https:\/\/confrariadovinhodoporto.com\/fr\/histoire-de-la-confraria\/\" \/>\n<meta property=\"og:locale\" content=\"fr_FR\" \/>\n<meta property=\"og:type\" content=\"article\" \/>\n<meta property=\"og:title\" content=\"Histoire de la Confraria - Confraria do Vinho do Porto\" \/>\n<meta property=\"og:url\" content=\"https:\/\/confrariadovinhodoporto.com\/fr\/histoire-de-la-confraria\/\" \/>\n<meta property=\"og:site_name\" content=\"Confraria do Vinho do Porto\" \/>\n<meta property=\"article:publisher\" content=\"https:\/\/www.facebook.com\/confrariavinhodoporto\" \/>\n<meta property=\"article:modified_time\" content=\"2023-03-24T16:26:06+00:00\" \/>\n<meta property=\"og:image\" content=\"https:\/\/confrariadovinhodoporto.com\/wp-content\/uploads\/2021\/07\/logo_temp2.jpg\" \/>\n\t<meta property=\"og:image:width\" content=\"647\" \/>\n\t<meta property=\"og:image:height\" content=\"362\" \/>\n\t<meta property=\"og:image:type\" content=\"image\/jpeg\" \/>\n<meta name=\"twitter:card\" content=\"summary_large_image\" \/>\n<meta name=\"twitter:site\" content=\"@confrariavinhodoporto\" \/>\n<meta name=\"twitter:label1\" content=\"Dur\u00e9e de lecture estim\u00e9e\" \/>\n\t<meta name=\"twitter:data1\" content=\"2 minutes\" \/>\n<script type=\"application\/ld+json\" class=\"yoast-schema-graph\">{\"@context\":\"https:\/\/schema.org\",\"@graph\":[{\"@type\":\"WebPage\",\"@id\":\"https:\/\/confrariadovinhodoporto.com\/fr\/histoire-de-la-confraria\/\",\"url\":\"https:\/\/confrariadovinhodoporto.com\/fr\/histoire-de-la-confraria\/\",\"name\":\"Histoire de la Confraria - Confraria do Vinho do Porto\",\"isPartOf\":{\"@id\":\"https:\/\/confrariadovinhodoporto.com\/fr\/#website\"},\"datePublished\":\"2022-01-23T20:17:21+00:00\",\"dateModified\":\"2023-03-24T16:26:06+00:00\",\"breadcrumb\":{\"@id\":\"https:\/\/confrariadovinhodoporto.com\/fr\/histoire-de-la-confraria\/#breadcrumb\"},\"inLanguage\":\"fr-FR\",\"potentialAction\":[{\"@type\":\"ReadAction\",\"target\":[\"https:\/\/confrariadovinhodoporto.com\/fr\/histoire-de-la-confraria\/\"]}]},{\"@type\":\"BreadcrumbList\",\"@id\":\"https:\/\/confrariadovinhodoporto.com\/fr\/histoire-de-la-confraria\/#breadcrumb\",\"itemListElement\":[{\"@type\":\"ListItem\",\"position\":1,\"name\":\"Home\",\"item\":\"https:\/\/confrariadovinhodoporto.com\/fr\/\"},{\"@type\":\"ListItem\",\"position\":2,\"name\":\"Histoire de la Confraria\"}]},{\"@type\":\"WebSite\",\"@id\":\"https:\/\/confrariadovinhodoporto.com\/fr\/#website\",\"url\":\"https:\/\/confrariadovinhodoporto.com\/fr\/\",\"name\":\"Confraria do Vinho do Porto\",\"description\":\"Confraria do Vinho do Porto\",\"publisher\":{\"@id\":\"https:\/\/confrariadovinhodoporto.com\/fr\/#organization\"},\"potentialAction\":[{\"@type\":\"SearchAction\",\"target\":{\"@type\":\"EntryPoint\",\"urlTemplate\":\"https:\/\/confrariadovinhodoporto.com\/fr\/?s={search_term_string}\"},\"query-input\":{\"@type\":\"PropertyValueSpecification\",\"valueRequired\":true,\"valueName\":\"search_term_string\"}}],\"inLanguage\":\"fr-FR\"},{\"@type\":\"Organization\",\"@id\":\"https:\/\/confrariadovinhodoporto.com\/fr\/#organization\",\"name\":\"Confraria do Vinho do Porto\",\"url\":\"https:\/\/confrariadovinhodoporto.com\/fr\/\",\"logo\":{\"@type\":\"ImageObject\",\"inLanguage\":\"fr-FR\",\"@id\":\"https:\/\/confrariadovinhodoporto.com\/fr\/#\/schema\/logo\/image\/\",\"url\":\"https:\/\/confrariadovinhodoporto.com\/wp-content\/uploads\/2021\/09\/Confraria_Logo-oficial-vinho-FULL.jpg\",\"contentUrl\":\"https:\/\/confrariadovinhodoporto.com\/wp-content\/uploads\/2021\/09\/Confraria_Logo-oficial-vinho-FULL.jpg\",\"width\":1500,\"height\":1000,\"caption\":\"Confraria do Vinho do Porto\"},\"image\":{\"@id\":\"https:\/\/confrariadovinhodoporto.com\/fr\/#\/schema\/logo\/image\/\"},\"sameAs\":[\"https:\/\/www.facebook.com\/confrariavinhodoporto\",\"https:\/\/x.com\/confrariavinhodoporto\",\"https:\/\/www.instagram.com\/confrariavinhodoporto\/\",\"https:\/\/www.youtube.com\/channel\/UCc_BoRbpZn4EK-2yqd-pCLA\"]}]}<\/script>\n<!-- \/ Yoast SEO plugin. -->","yoast_head_json":{"title":"Histoire de la Confraria - Confraria do Vinho do Porto","robots":{"index":"index","follow":"follow","max-snippet":"max-snippet:-1","max-image-preview":"max-image-preview:large","max-video-preview":"max-video-preview:-1"},"canonical":"https:\/\/confrariadovinhodoporto.com\/fr\/histoire-de-la-confraria\/","og_locale":"fr_FR","og_type":"article","og_title":"Histoire de la Confraria - Confraria do Vinho do Porto","og_url":"https:\/\/confrariadovinhodoporto.com\/fr\/histoire-de-la-confraria\/","og_site_name":"Confraria do Vinho do Porto","article_publisher":"https:\/\/www.facebook.com\/confrariavinhodoporto","article_modified_time":"2023-03-24T16:26:06+00:00","og_image":[{"width":647,"height":362,"url":"https:\/\/confrariadovinhodoporto.com\/wp-content\/uploads\/2021\/07\/logo_temp2.jpg","type":"image\/jpeg"}],"twitter_card":"summary_large_image","twitter_site":"@confrariavinhodoporto","twitter_misc":{"Dur\u00e9e de lecture estim\u00e9e":"2 minutes"},"schema":{"@context":"https:\/\/schema.org","@graph":[{"@type":"WebPage","@id":"https:\/\/confrariadovinhodoporto.com\/fr\/histoire-de-la-confraria\/","url":"https:\/\/confrariadovinhodoporto.com\/fr\/histoire-de-la-confraria\/","name":"Histoire de la Confraria - Confraria do Vinho do Porto","isPartOf":{"@id":"https:\/\/confrariadovinhodoporto.com\/fr\/#website"},"datePublished":"2022-01-23T20:17:21+00:00","dateModified":"2023-03-24T16:26:06+00:00","breadcrumb":{"@id":"https:\/\/confrariadovinhodoporto.com\/fr\/histoire-de-la-confraria\/#breadcrumb"},"inLanguage":"fr-FR","potentialAction":[{"@type":"ReadAction","target":["https:\/\/confrariadovinhodoporto.com\/fr\/histoire-de-la-confraria\/"]}]},{"@type":"BreadcrumbList","@id":"https:\/\/confrariadovinhodoporto.com\/fr\/histoire-de-la-confraria\/#breadcrumb","itemListElement":[{"@type":"ListItem","position":1,"name":"Home","item":"https:\/\/confrariadovinhodoporto.com\/fr\/"},{"@type":"ListItem","position":2,"name":"Histoire de la Confraria"}]},{"@type":"WebSite","@id":"https:\/\/confrariadovinhodoporto.com\/fr\/#website","url":"https:\/\/confrariadovinhodoporto.com\/fr\/","name":"Confraria do Vinho do Porto","description":"Confraria do Vinho do Porto","publisher":{"@id":"https:\/\/confrariadovinhodoporto.com\/fr\/#organization"},"potentialAction":[{"@type":"SearchAction","target":{"@type":"EntryPoint","urlTemplate":"https:\/\/confrariadovinhodoporto.com\/fr\/?s={search_term_string}"},"query-input":{"@type":"PropertyValueSpecification","valueRequired":true,"valueName":"search_term_string"}}],"inLanguage":"fr-FR"},{"@type":"Organization","@id":"https:\/\/confrariadovinhodoporto.com\/fr\/#organization","name":"Confraria do Vinho do Porto","url":"https:\/\/confrariadovinhodoporto.com\/fr\/","logo":{"@type":"ImageObject","inLanguage":"fr-FR","@id":"https:\/\/confrariadovinhodoporto.com\/fr\/#\/schema\/logo\/image\/","url":"https:\/\/confrariadovinhodoporto.com\/wp-content\/uploads\/2021\/09\/Confraria_Logo-oficial-vinho-FULL.jpg","contentUrl":"https:\/\/confrariadovinhodoporto.com\/wp-content\/uploads\/2021\/09\/Confraria_Logo-oficial-vinho-FULL.jpg","width":1500,"height":1000,"caption":"Confraria do Vinho do Porto"},"image":{"@id":"https:\/\/confrariadovinhodoporto.com\/fr\/#\/schema\/logo\/image\/"},"sameAs":["https:\/\/www.facebook.com\/confrariavinhodoporto","https:\/\/x.com\/confrariavinhodoporto","https:\/\/www.instagram.com\/confrariavinhodoporto\/","https:\/\/www.youtube.com\/channel\/UCc_BoRbpZn4EK-2yqd-pCLA"]}]}},"_links":{"self":[{"href":"https:\/\/confrariadovinhodoporto.com\/fr\/wp-json\/wp\/v2\/pages\/2483","targetHints":{"allow":["GET"]}}],"collection":[{"href":"https:\/\/confrariadovinhodoporto.com\/fr\/wp-json\/wp\/v2\/pages"}],"about":[{"href":"https:\/\/confrariadovinhodoporto.com\/fr\/wp-json\/wp\/v2\/types\/page"}],"author":[{"embeddable":true,"href":"https:\/\/confrariadovinhodoporto.com\/fr\/wp-json\/wp\/v2\/users\/1"}],"replies":[{"embeddable":true,"href":"https:\/\/confrariadovinhodoporto.com\/fr\/wp-json\/wp\/v2\/comments?post=2483"}],"version-history":[{"count":9,"href":"https:\/\/confrariadovinhodoporto.com\/fr\/wp-json\/wp\/v2\/pages\/2483\/revisions"}],"predecessor-version":[{"id":18516,"href":"https:\/\/confrariadovinhodoporto.com\/fr\/wp-json\/wp\/v2\/pages\/2483\/revisions\/18516"}],"wp:attachment":[{"href":"https:\/\/confrariadovinhodoporto.com\/fr\/wp-json\/wp\/v2\/media?parent=2483"}],"curies":[{"name":"wp","href":"https:\/\/api.w.org\/{rel}","templated":true}]}}