{"id":18626,"date":"2023-03-27T15:53:21","date_gmt":"2023-03-27T15:53:21","guid":{"rendered":"https:\/\/confrariadovinhodoporto.com\/?page_id=18626"},"modified":"2023-03-27T16:10:14","modified_gmt":"2023-03-27T16:10:14","slug":"ceremonie-dintronisation","status":"publish","type":"page","link":"https:\/\/confrariadovinhodoporto.com\/fr\/ceremonie-dintronisation\/","title":{"rendered":"C\u00e9r\u00e9monie d\u2019Intronisation"},"content":{"rendered":"<div class=\"fusion-fullwidth fullwidth-box fusion-builder-row-1 fusion-flex-container has-pattern-background has-mask-background nonhundred-percent-fullwidth non-hundred-percent-height-scrolling\" style=\"--awb-border-radius-top-left:0px;--awb-border-radius-top-right:0px;--awb-border-radius-bottom-right:0px;--awb-border-radius-bottom-left:0px;--awb-flex-wrap:wrap;\" ><div class=\"fusion-builder-row fusion-row fusion-flex-align-items-flex-start fusion-flex-content-wrap\" style=\"max-width:1216.8px;margin-left: calc(-4% \/ 2 );margin-right: calc(-4% \/ 2 );\"><div class=\"fusion-layout-column fusion_builder_column fusion-builder-column-0 fusion_builder_column_1_1 1_1 fusion-flex-column\" style=\"--awb-bg-size:cover;--awb-width-large:100%;--awb-margin-top-large:0px;--awb-spacing-right-large:1.92%;--awb-margin-bottom-large:20px;--awb-spacing-left-large:1.92%;--awb-width-medium:100%;--awb-order-medium:0;--awb-spacing-right-medium:1.92%;--awb-spacing-left-medium:1.92%;--awb-width-small:100%;--awb-order-small:0;--awb-spacing-right-small:1.92%;--awb-spacing-left-small:1.92%;\"><div class=\"fusion-column-wrapper fusion-column-has-shadow fusion-flex-justify-content-flex-start fusion-content-layout-column\"><div class=\"fusion-title title fusion-title-1 fusion-title-text fusion-title-size-two\"><div class=\"title-sep-container title-sep-container-left fusion-no-large-visibility fusion-no-medium-visibility fusion-no-small-visibility\"><div class=\"title-sep sep- sep-solid\" style=\"border-color:#e0dede;\"><\/div><\/div><span class=\"awb-title-spacer fusion-no-large-visibility fusion-no-medium-visibility fusion-no-small-visibility\"><\/span><h2 class=\"fusion-title-heading title-heading-left fusion-responsive-typography-calculated\" style=\"margin:0;--fontSize:26;--minFontSize:26;line-height:1.15;\">C\u00e9r\u00e9monie d\u2019Intronisation<\/h2><span class=\"awb-title-spacer\"><\/span><div class=\"title-sep-container title-sep-container-right\"><div class=\"title-sep sep- sep-solid\" style=\"border-color:#e0dede;\"><\/div><\/div><\/div><div class=\"fusion-separator fusion-full-width-sep\" style=\"align-self: center;margin-left: auto;margin-right: auto;margin-top:0px;margin-bottom:40px;width:100%;\"><div class=\"fusion-separator-border sep-single sep-solid\" style=\"--awb-height:20px;--awb-amount:20px;--awb-sep-color:#87042b;border-color:#87042b;border-top-width:3px;\"><\/div><\/div><div class=\"fusion-text fusion-text-1\"><h4><strong>Admission de Nouveaux Confrades<\/strong><\/h4>\n<p>L&rsquo;admission de nouveaux Confrades se fait en deux \u00e9tapes : approbation par le <span style=\"color: #993300;\"><strong>Cap\u00edtulo<\/strong> <\/span>et <strong><span style=\"color: #993300;\">Entroniza\u00e7\u00e3o<\/span>.<\/strong><\/p>\n<p>Tout nouveau Confrades doit \u00eatre parrain\u00e9 par un <span style=\"color: #993300;\"><strong>Mestre<\/strong><\/span> qui atteste que le candidat poss\u00e8de les qualit\u00e9s requises pour \u00eatre admis dans la Confraria.<\/p>\n<p>Dans le cas d\u2019un<span style=\"color: #993300;\"><strong> Fidalgo Cavaleiro<\/strong><\/span>, la proposition doit \u00eatre accompagn\u00e9e d\u2019un curriculum actuel du candidat. Le curriculum est alors analys\u00e9 par la Chancelaria. Si la candidature est accept\u00e9e par le <span style=\"color: #993300;\"><strong>Cap\u00edtulo<\/strong><\/span>, le grade est conf\u00e9r\u00e9 pour une p\u00e9riode de cinq ans.<\/p>\n<p>Les grades honoraires de <span style=\"color: #993300;\"><strong>Infan\u00e7\u00e3o<\/strong><\/span> et de <span style=\"color: #993300;\"><strong>Cancel\u00e1rio <\/strong><\/span>ne peuvent \u00eatre propos\u00e9s que par la <span style=\"color: #993300;\"><strong>Chancelaria.<\/strong><\/span><\/p>\n<p>Toutes les nouvelles propositions sont pr\u00e9sent\u00e9es au <span style=\"color: #993300;\"><strong>Cap\u00edtulo<\/strong><\/span>&nbsp;lors d\u2019une assembl\u00e9e g\u00e9n\u00e9rale convoqu\u00e9e \u00e0 cet effet.<\/p>\n<p>Apr\u00e8s le <span style=\"color: #993300;\"><strong>Cap\u00edtulo<\/strong><\/span>, les services de la Confraria prennent contact avec chaque nouveau Confrade pour initier le processus d&rsquo;accueil et de remise des insignes.<\/p>\n<p>&nbsp;<\/p>\n<h4><strong>Intronisation<\/strong><\/h4>\n<p>Les nouveaux Confrades sont solennellement admis dans la Confraria lors de la C\u00e9r\u00e9monie d\u2019Intronisation pendant laquelle ils re\u00e7oivent leur <span style=\"color: #993300;\"><strong>Tambuladeira<\/strong><\/span>, leur <span style=\"color: #993300;\"><strong>Diploma<\/strong><\/span>, et signent le <span style=\"color: #993300;\"><strong>Livro de Honra<\/strong><\/span>,<\/p>\n<p>L\u2019 <span style=\"color: #993300;\"><strong>Entroniza\u00e7\u00e3o<\/strong><\/span> Anual se d\u00e9roule dans le magnifique Patio das Na\u00e7\u00f5es du Pal\u00e1cio da Bolsa de Porto. Elle commence en grandes pompes et culmine lors de la c\u00e9l\u00e9bration du Vin de Porto, de la Confraria et des nouveaux Confrades.<\/p>\n<p>La c\u00e9r\u00e9monie est men\u00e9e avec grandeur et noblesse et suit la structure chor\u00e9graphi\u00e9e d\u00e9finie dans les Usan\u00e7as.<\/p>\n<p>La splendeur du cort\u00e8ge d\u2019entr\u00e9e pr\u00e9pare le sc\u00e9nario d\u2019Intronisation des nouveaux membres. La <span style=\"color: #993300;\"><strong>Chancelaria<\/strong><\/span>&nbsp;se situe en t\u00eate du cort\u00e8ge des nouveaux Confrades et de leur <span style=\"color: #993300;\"><strong>Mestres <\/strong><\/span>respectif, tout ceci au son de l\u2019hymne classique jou\u00e9 en direct.<\/p>\n<p>La c\u00e9r\u00e9monie est officiellement ouverte par le<span style=\"color: #000000;\"> Chancelier<\/span>, apr\u00e8s quoi le Fiel das Usan\u00e7as invite chaque nouveau Confrade \u00e0 s&rsquo;avancer sur l&rsquo;estrade pour se voir remettre les insignes de grade appropri\u00e9s et leur <span style=\"color: #993300;\"><strong>Tambuladeira<\/strong><\/span> par le <span style=\"color: #993300;\"><strong>Mestre <\/strong><\/span>proposant. Ensuite, il signe le <span style=\"color: #993300;\"><strong>Livro de Honra<\/strong><\/span> et re\u00e7oit son <span style=\"color: #993300;\"><strong>Diploma<\/strong><\/span>.<\/p>\n<p>Pour finir, les nouveaux Confrades s\u2019engagent solennellement pour le futur du Vin de Porto.<\/p>\n<p>Tous les Confrade, y compris les nouveaux, re\u00e7oivent un calice de Vin de Porto et, tous ensemble, pr\u00eatent serment \u00e0 haute voix :<\/p>\n<p style=\"text-align: center;\"><strong>\u00ab\u00a0Je m&rsquo;engage \u00e0 soutenir la Confraria et \u00e0 continuer \u00e0 lutter pour l&rsquo;honneur du Vin de Porto\u00a0\u00bb.<\/strong><\/p>\n<p>Le Chanceler conclut la C\u00e9r\u00e9monie d\u2019Intronisation en levant son Vin de Porto et en proclamant le toast suivant :<\/p>\n<ul>\n<li>Pelo Vinho do Porto (pour le Vin de Porto)<\/li>\n<li>Pela Confraria (Pour la Confraria)<\/li>\n<li>Pelos Confrades (Pour les Confrades)<\/li>\n<\/ul>\n<p>La c\u00e9r\u00e9monie est cl\u00f4tur\u00e9e par le Chancelier, qui conduit la <span style=\"color: #993300;\"><strong>Chancelaria<\/strong><\/span> et les Confrades dans la procession de sortie. dans le cort\u00e8ge de sortie.<\/p>\n<\/div><\/div><\/div><\/div><\/div>\n","protected":false},"excerpt":{"rendered":"","protected":false},"author":1,"featured_media":0,"parent":0,"menu_order":0,"comment_status":"closed","ping_status":"closed","template":"","meta":{"inline_featured_image":false,"ngg_post_thumbnail":0,"_EventAllDay":false,"_EventTimezone":"","_EventStartDate":"","_EventEndDate":"","_EventStartDateUTC":"","_EventEndDateUTC":"","_EventShowMap":false,"_EventShowMapLink":false,"_EventURL":"","_EventCost":"","_EventCostDescription":"","_EventCurrencySymbol":"","_EventCurrencyCode":"","_EventCurrencyPosition":"","_EventDateTimeSeparator":"","_EventTimeRangeSeparator":"","_EventOrganizerID":[],"_EventVenueID":[],"_OrganizerEmail":"","_OrganizerPhone":"","_OrganizerWebsite":"","_VenueAddress":"","_VenueCity":"","_VenueCountry":"","_VenueProvince":"","_VenueState":"","_VenueZip":"","_VenuePhone":"","_VenueURL":"","_VenueStateProvince":"","_VenueLat":"","_VenueLng":"","_VenueShowMap":false,"_VenueShowMapLink":false,"footnotes":""},"class_list":["post-18626","page","type-page","status-publish","hentry"],"yoast_head":"<!-- This site is optimized with the Yoast SEO plugin v27.2 - https:\/\/yoast.com\/product\/yoast-seo-wordpress\/ -->\n<title>C\u00e9r\u00e9monie d\u2019Intronisation - Confraria do Vinho do Porto<\/title>\n<meta name=\"robots\" content=\"index, follow, max-snippet:-1, max-image-preview:large, max-video-preview:-1\" \/>\n<link rel=\"canonical\" href=\"https:\/\/confrariadovinhodoporto.com\/fr\/ceremonie-dintronisation\/\" \/>\n<meta property=\"og:locale\" content=\"fr_FR\" \/>\n<meta property=\"og:type\" content=\"article\" \/>\n<meta property=\"og:title\" content=\"C\u00e9r\u00e9monie d\u2019Intronisation - Confraria do Vinho do Porto\" \/>\n<meta property=\"og:url\" content=\"https:\/\/confrariadovinhodoporto.com\/fr\/ceremonie-dintronisation\/\" \/>\n<meta property=\"og:site_name\" content=\"Confraria do Vinho do Porto\" \/>\n<meta property=\"article:publisher\" content=\"https:\/\/www.facebook.com\/confrariavinhodoporto\" \/>\n<meta property=\"article:modified_time\" content=\"2023-03-27T16:10:14+00:00\" \/>\n<meta property=\"og:image\" content=\"https:\/\/confrariadovinhodoporto.com\/wp-content\/uploads\/2021\/07\/logo_temp2.jpg\" \/>\n\t<meta property=\"og:image:width\" content=\"647\" \/>\n\t<meta property=\"og:image:height\" content=\"362\" \/>\n\t<meta property=\"og:image:type\" content=\"image\/jpeg\" \/>\n<meta name=\"twitter:card\" content=\"summary_large_image\" \/>\n<meta name=\"twitter:site\" content=\"@confrariavinhodoporto\" \/>\n<meta name=\"twitter:label1\" content=\"Dur\u00e9e de lecture estim\u00e9e\" \/>\n\t<meta name=\"twitter:data1\" content=\"8 minutes\" \/>\n<script type=\"application\/ld+json\" class=\"yoast-schema-graph\">{\"@context\":\"https:\/\/schema.org\",\"@graph\":[{\"@type\":\"WebPage\",\"@id\":\"https:\/\/confrariadovinhodoporto.com\/fr\/ceremonie-dintronisation\/\",\"url\":\"https:\/\/confrariadovinhodoporto.com\/fr\/ceremonie-dintronisation\/\",\"name\":\"C\u00e9r\u00e9monie d\u2019Intronisation - Confraria do Vinho do Porto\",\"isPartOf\":{\"@id\":\"https:\/\/confrariadovinhodoporto.com\/fr\/#website\"},\"datePublished\":\"2023-03-27T15:53:21+00:00\",\"dateModified\":\"2023-03-27T16:10:14+00:00\",\"breadcrumb\":{\"@id\":\"https:\/\/confrariadovinhodoporto.com\/fr\/ceremonie-dintronisation\/#breadcrumb\"},\"inLanguage\":\"fr-FR\",\"potentialAction\":[{\"@type\":\"ReadAction\",\"target\":[\"https:\/\/confrariadovinhodoporto.com\/fr\/ceremonie-dintronisation\/\"]}]},{\"@type\":\"BreadcrumbList\",\"@id\":\"https:\/\/confrariadovinhodoporto.com\/fr\/ceremonie-dintronisation\/#breadcrumb\",\"itemListElement\":[{\"@type\":\"ListItem\",\"position\":1,\"name\":\"Home\",\"item\":\"https:\/\/confrariadovinhodoporto.com\/fr\/\"},{\"@type\":\"ListItem\",\"position\":2,\"name\":\"C\u00e9r\u00e9monie d\u2019Intronisation\"}]},{\"@type\":\"WebSite\",\"@id\":\"https:\/\/confrariadovinhodoporto.com\/fr\/#website\",\"url\":\"https:\/\/confrariadovinhodoporto.com\/fr\/\",\"name\":\"Confraria do Vinho do Porto\",\"description\":\"Confraria do Vinho do Porto\",\"publisher\":{\"@id\":\"https:\/\/confrariadovinhodoporto.com\/fr\/#organization\"},\"potentialAction\":[{\"@type\":\"SearchAction\",\"target\":{\"@type\":\"EntryPoint\",\"urlTemplate\":\"https:\/\/confrariadovinhodoporto.com\/fr\/?s={search_term_string}\"},\"query-input\":{\"@type\":\"PropertyValueSpecification\",\"valueRequired\":true,\"valueName\":\"search_term_string\"}}],\"inLanguage\":\"fr-FR\"},{\"@type\":\"Organization\",\"@id\":\"https:\/\/confrariadovinhodoporto.com\/fr\/#organization\",\"name\":\"Confraria do Vinho do Porto\",\"url\":\"https:\/\/confrariadovinhodoporto.com\/fr\/\",\"logo\":{\"@type\":\"ImageObject\",\"inLanguage\":\"fr-FR\",\"@id\":\"https:\/\/confrariadovinhodoporto.com\/fr\/#\/schema\/logo\/image\/\",\"url\":\"https:\/\/confrariadovinhodoporto.com\/wp-content\/uploads\/2021\/09\/Confraria_Logo-oficial-vinho-FULL.jpg\",\"contentUrl\":\"https:\/\/confrariadovinhodoporto.com\/wp-content\/uploads\/2021\/09\/Confraria_Logo-oficial-vinho-FULL.jpg\",\"width\":1500,\"height\":1000,\"caption\":\"Confraria do Vinho do Porto\"},\"image\":{\"@id\":\"https:\/\/confrariadovinhodoporto.com\/fr\/#\/schema\/logo\/image\/\"},\"sameAs\":[\"https:\/\/www.facebook.com\/confrariavinhodoporto\",\"https:\/\/x.com\/confrariavinhodoporto\",\"https:\/\/www.instagram.com\/confrariavinhodoporto\/\",\"https:\/\/www.youtube.com\/channel\/UCc_BoRbpZn4EK-2yqd-pCLA\"]}]}<\/script>\n<!-- \/ Yoast SEO plugin. -->","yoast_head_json":{"title":"C\u00e9r\u00e9monie d\u2019Intronisation - Confraria do Vinho do Porto","robots":{"index":"index","follow":"follow","max-snippet":"max-snippet:-1","max-image-preview":"max-image-preview:large","max-video-preview":"max-video-preview:-1"},"canonical":"https:\/\/confrariadovinhodoporto.com\/fr\/ceremonie-dintronisation\/","og_locale":"fr_FR","og_type":"article","og_title":"C\u00e9r\u00e9monie d\u2019Intronisation - Confraria do Vinho do Porto","og_url":"https:\/\/confrariadovinhodoporto.com\/fr\/ceremonie-dintronisation\/","og_site_name":"Confraria do Vinho do Porto","article_publisher":"https:\/\/www.facebook.com\/confrariavinhodoporto","article_modified_time":"2023-03-27T16:10:14+00:00","og_image":[{"width":647,"height":362,"url":"https:\/\/confrariadovinhodoporto.com\/wp-content\/uploads\/2021\/07\/logo_temp2.jpg","type":"image\/jpeg"}],"twitter_card":"summary_large_image","twitter_site":"@confrariavinhodoporto","twitter_misc":{"Dur\u00e9e de lecture estim\u00e9e":"8 minutes"},"schema":{"@context":"https:\/\/schema.org","@graph":[{"@type":"WebPage","@id":"https:\/\/confrariadovinhodoporto.com\/fr\/ceremonie-dintronisation\/","url":"https:\/\/confrariadovinhodoporto.com\/fr\/ceremonie-dintronisation\/","name":"C\u00e9r\u00e9monie d\u2019Intronisation - Confraria do Vinho do Porto","isPartOf":{"@id":"https:\/\/confrariadovinhodoporto.com\/fr\/#website"},"datePublished":"2023-03-27T15:53:21+00:00","dateModified":"2023-03-27T16:10:14+00:00","breadcrumb":{"@id":"https:\/\/confrariadovinhodoporto.com\/fr\/ceremonie-dintronisation\/#breadcrumb"},"inLanguage":"fr-FR","potentialAction":[{"@type":"ReadAction","target":["https:\/\/confrariadovinhodoporto.com\/fr\/ceremonie-dintronisation\/"]}]},{"@type":"BreadcrumbList","@id":"https:\/\/confrariadovinhodoporto.com\/fr\/ceremonie-dintronisation\/#breadcrumb","itemListElement":[{"@type":"ListItem","position":1,"name":"Home","item":"https:\/\/confrariadovinhodoporto.com\/fr\/"},{"@type":"ListItem","position":2,"name":"C\u00e9r\u00e9monie d\u2019Intronisation"}]},{"@type":"WebSite","@id":"https:\/\/confrariadovinhodoporto.com\/fr\/#website","url":"https:\/\/confrariadovinhodoporto.com\/fr\/","name":"Confraria do Vinho do Porto","description":"Confraria do Vinho do Porto","publisher":{"@id":"https:\/\/confrariadovinhodoporto.com\/fr\/#organization"},"potentialAction":[{"@type":"SearchAction","target":{"@type":"EntryPoint","urlTemplate":"https:\/\/confrariadovinhodoporto.com\/fr\/?s={search_term_string}"},"query-input":{"@type":"PropertyValueSpecification","valueRequired":true,"valueName":"search_term_string"}}],"inLanguage":"fr-FR"},{"@type":"Organization","@id":"https:\/\/confrariadovinhodoporto.com\/fr\/#organization","name":"Confraria do Vinho do Porto","url":"https:\/\/confrariadovinhodoporto.com\/fr\/","logo":{"@type":"ImageObject","inLanguage":"fr-FR","@id":"https:\/\/confrariadovinhodoporto.com\/fr\/#\/schema\/logo\/image\/","url":"https:\/\/confrariadovinhodoporto.com\/wp-content\/uploads\/2021\/09\/Confraria_Logo-oficial-vinho-FULL.jpg","contentUrl":"https:\/\/confrariadovinhodoporto.com\/wp-content\/uploads\/2021\/09\/Confraria_Logo-oficial-vinho-FULL.jpg","width":1500,"height":1000,"caption":"Confraria do Vinho do Porto"},"image":{"@id":"https:\/\/confrariadovinhodoporto.com\/fr\/#\/schema\/logo\/image\/"},"sameAs":["https:\/\/www.facebook.com\/confrariavinhodoporto","https:\/\/x.com\/confrariavinhodoporto","https:\/\/www.instagram.com\/confrariavinhodoporto\/","https:\/\/www.youtube.com\/channel\/UCc_BoRbpZn4EK-2yqd-pCLA"]}]}},"_links":{"self":[{"href":"https:\/\/confrariadovinhodoporto.com\/fr\/wp-json\/wp\/v2\/pages\/18626","targetHints":{"allow":["GET"]}}],"collection":[{"href":"https:\/\/confrariadovinhodoporto.com\/fr\/wp-json\/wp\/v2\/pages"}],"about":[{"href":"https:\/\/confrariadovinhodoporto.com\/fr\/wp-json\/wp\/v2\/types\/page"}],"author":[{"embeddable":true,"href":"https:\/\/confrariadovinhodoporto.com\/fr\/wp-json\/wp\/v2\/users\/1"}],"replies":[{"embeddable":true,"href":"https:\/\/confrariadovinhodoporto.com\/fr\/wp-json\/wp\/v2\/comments?post=18626"}],"version-history":[{"count":4,"href":"https:\/\/confrariadovinhodoporto.com\/fr\/wp-json\/wp\/v2\/pages\/18626\/revisions"}],"predecessor-version":[{"id":18635,"href":"https:\/\/confrariadovinhodoporto.com\/fr\/wp-json\/wp\/v2\/pages\/18626\/revisions\/18635"}],"wp:attachment":[{"href":"https:\/\/confrariadovinhodoporto.com\/fr\/wp-json\/wp\/v2\/media?parent=18626"}],"curies":[{"name":"wp","href":"https:\/\/api.w.org\/{rel}","templated":true}]}}