{"id":18619,"date":"2023-03-27T15:42:23","date_gmt":"2023-03-27T15:42:23","guid":{"rendered":"https:\/\/confrariadovinhodoporto.com\/?page_id=18619"},"modified":"2023-03-27T15:42:23","modified_gmt":"2023-03-27T15:42:23","slug":"celebration-du-vintage","status":"publish","type":"page","link":"https:\/\/confrariadovinhodoporto.com\/fr\/celebration-du-vintage\/","title":{"rendered":"C\u00e9l\u00e9bration du Vintage"},"content":{"rendered":"<div class=\"fusion-fullwidth fullwidth-box fusion-builder-row-1 fusion-flex-container has-pattern-background has-mask-background nonhundred-percent-fullwidth non-hundred-percent-height-scrolling\" style=\"--awb-border-radius-top-left:0px;--awb-border-radius-top-right:0px;--awb-border-radius-bottom-right:0px;--awb-border-radius-bottom-left:0px;--awb-flex-wrap:wrap;\" ><div class=\"fusion-builder-row fusion-row fusion-flex-align-items-flex-start fusion-flex-content-wrap\" style=\"max-width:1216.8px;margin-left: calc(-4% \/ 2 );margin-right: calc(-4% \/ 2 );\"><div class=\"fusion-layout-column fusion_builder_column fusion-builder-column-0 fusion_builder_column_1_1 1_1 fusion-flex-column\" style=\"--awb-bg-size:cover;--awb-width-large:100%;--awb-margin-top-large:0px;--awb-spacing-right-large:1.92%;--awb-margin-bottom-large:20px;--awb-spacing-left-large:1.92%;--awb-width-medium:100%;--awb-order-medium:0;--awb-spacing-right-medium:1.92%;--awb-spacing-left-medium:1.92%;--awb-width-small:100%;--awb-order-small:0;--awb-spacing-right-small:1.92%;--awb-spacing-left-small:1.92%;\"><div class=\"fusion-column-wrapper fusion-column-has-shadow fusion-flex-justify-content-flex-start fusion-content-layout-column\"><div class=\"fusion-title title fusion-title-1 fusion-title-text fusion-title-size-two\"><div class=\"title-sep-container title-sep-container-left fusion-no-large-visibility fusion-no-medium-visibility fusion-no-small-visibility\"><div class=\"title-sep sep- sep-solid\" style=\"border-color:#e0dede;\"><\/div><\/div><span class=\"awb-title-spacer fusion-no-large-visibility fusion-no-medium-visibility fusion-no-small-visibility\"><\/span><h2 class=\"fusion-title-heading title-heading-left fusion-responsive-typography-calculated\" style=\"margin:0;--fontSize:26;--minFontSize:26;line-height:1.15;\">C\u00e9l\u00e9bration du Vintage<\/h2><span class=\"awb-title-spacer\"><\/span><div class=\"title-sep-container title-sep-container-right\"><div class=\"title-sep sep- sep-solid\" style=\"border-color:#e0dede;\"><\/div><\/div><\/div><div class=\"fusion-separator fusion-full-width-sep\" style=\"align-self: center;margin-left: auto;margin-right: auto;margin-top:0px;margin-bottom:40px;width:100%;\"><div class=\"fusion-separator-border sep-single sep-solid\" style=\"--awb-height:20px;--awb-amount:20px;--awb-sep-color:#87042b;border-color:#87042b;border-top-width:3px;\"><\/div><\/div><div class=\"fusion-text fusion-text-1\"><p>La C\u00e9l\u00e9bration du Porto Vintage est un \u00e9v\u00e9nement cl\u00e9 dans la vie de la Confraria.<\/p>\n<p>Tous les ans, les producteurs de Vin de Porto d\u00e9finissent si leurs vins poss\u00e8dent un potentiel suffisamment exceptionnel pour \u00eatre d\u00e9clar\u00e9 Porto Vintage. Si tel est le cas, ils d\u00e9clarent Vintage et soumettent la demande de validation l\u2019Institut du Vin de Porto.<\/p>\n<p>D\u2019apr\u00e8s l\u2019histoire du Vin de Porto, nous savons que tous les 10 ans, 3 vins de porto ont \u00e9t\u00e9 d\u00e9clar\u00e9s Vintage (en moyenne). Toutefois, la fr\u00e9quence des D\u00e9clarations de Porto Vintage a augment\u00e9 ces derni\u00e8res ann\u00e9es en raison d\u2019une meilleure plantation des vignes et de meilleures pratiques vitivinicoles et \u0153nologiques.<\/p>\n<p>Si la majorit\u00e9 des producteurs Confrades d\u00e9clarent un Porto Vintage, la Chancelaria d\u00e9lib\u00e8re sur une C\u00e9l\u00e9bration du Porto Vintage.<\/p>\n<p>En 2017, la Confraria do Vinho do Porto a expliqu\u00e9 en d\u00e9tail les \u00e9tapes ainsi que le r\u00f4le de la \u00ab d\u00e9claration \u00bb de Porto Vintage au XXI\u00e8me si\u00e8cle qui, pour simplifier, peuvent \u00eatre r\u00e9sum\u00e9es en quatre \u00e9tapes:<\/p>\n<ul>\n<li>La \u201c<strong>Declaration<\/strong>\u201d est de la responsabilit\u00e9 de l\u2019\u0153nologue ou du producteur<\/li>\n<li>La \u201c<strong>Certification<\/strong>\u201d rel\u00e8ve de l\u2019Institut des Vins du Douro et de Porto<\/li>\n<li>La \u201c<strong>Classification<\/strong>\u201d est faite par les critiques et les amateurs de vin<\/li>\n<li>La \u201c<strong>Celebration<\/strong>\u201d est r\u00e9alis\u00e9e par la Confraria do Vinho do Porto<\/li>\n<\/ul>\n<p>La C\u00e9l\u00e9bration du Porto Vintage, r\u00e9alis\u00e9e par la Confraria do Vinho do Porto, commence par une d\u00e9gustation ouverte au public, o\u00f9 les producteurs Confrades sont invit\u00e9s \u00e0 pr\u00e9senter leurs vins.<\/p>\n<p>Cette majestueuse c\u00e9r\u00e9monie culmine lors de l\u2019assemblage d\u2019une bouteille de tous les Portos Vintage pr\u00e9sent\u00e9s lors de la d\u00e9gustation par le Copeiro-Mor. De cela r\u00e9sultera un assemblage repr\u00e9sentatif de l\u2019Ann\u00e9e Vintage.<\/p>\n<p>Certaines ann\u00e9es, la Chancelaria de la Confraria do Vinho do Porto peut d\u00e9cider de faire et de d\u00e9clarer son propre Porto Vintage.<\/p>\n<p>Cet assemblage rel\u00e8ve exclusivement de la responsabilit\u00e9 du Copeiro-Mor, qui tente alors de cr\u00e9er un vin d\u2019excellence repr\u00e9sentant le Porto Vintage de l\u2019ann\u00e9e. Ce Porto Vintage est ensuite soumis \u00e0 l\u2019IVDP pour certification en tant que Porto Vintage avant d\u2019\u00eatre mis en bouteille par la Confraria.<\/p>\n<p>Les Vintages de la Confraria d\u00e9clar\u00e9s jusqu\u2019\u00e0 aujourd\u2019hui sont les suivants : 1982, 1983, 1985, 1991, 1994, 1997, 2000, 2003, 2007, 2011, 2016 et 2017.<\/p>\n<\/div><\/div><\/div><\/div><\/div>\n","protected":false},"excerpt":{"rendered":"","protected":false},"author":1,"featured_media":0,"parent":0,"menu_order":0,"comment_status":"closed","ping_status":"closed","template":"","meta":{"inline_featured_image":false,"ngg_post_thumbnail":0,"_EventAllDay":false,"_EventTimezone":"","_EventStartDate":"","_EventEndDate":"","_EventStartDateUTC":"","_EventEndDateUTC":"","_EventShowMap":false,"_EventShowMapLink":false,"_EventURL":"","_EventCost":"","_EventCostDescription":"","_EventCurrencySymbol":"","_EventCurrencyCode":"","_EventCurrencyPosition":"","_EventDateTimeSeparator":"","_EventTimeRangeSeparator":"","_EventOrganizerID":[],"_EventVenueID":[],"_OrganizerEmail":"","_OrganizerPhone":"","_OrganizerWebsite":"","_VenueAddress":"","_VenueCity":"","_VenueCountry":"","_VenueProvince":"","_VenueState":"","_VenueZip":"","_VenuePhone":"","_VenueURL":"","_VenueStateProvince":"","_VenueLat":"","_VenueLng":"","_VenueShowMap":false,"_VenueShowMapLink":false,"footnotes":""},"class_list":["post-18619","page","type-page","status-publish","hentry"],"yoast_head":"<!-- This site is optimized with the Yoast SEO plugin v27.2 - https:\/\/yoast.com\/product\/yoast-seo-wordpress\/ -->\n<title>C\u00e9l\u00e9bration du Vintage - Confraria do Vinho do Porto<\/title>\n<meta name=\"robots\" content=\"index, follow, max-snippet:-1, max-image-preview:large, max-video-preview:-1\" \/>\n<link rel=\"canonical\" href=\"https:\/\/confrariadovinhodoporto.com\/fr\/celebration-du-vintage\/\" \/>\n<meta property=\"og:locale\" content=\"fr_FR\" \/>\n<meta property=\"og:type\" content=\"article\" \/>\n<meta property=\"og:title\" content=\"C\u00e9l\u00e9bration du Vintage - Confraria do Vinho do Porto\" \/>\n<meta property=\"og:url\" content=\"https:\/\/confrariadovinhodoporto.com\/fr\/celebration-du-vintage\/\" \/>\n<meta property=\"og:site_name\" content=\"Confraria do Vinho do Porto\" \/>\n<meta property=\"article:publisher\" content=\"https:\/\/www.facebook.com\/confrariavinhodoporto\" \/>\n<meta property=\"og:image\" content=\"https:\/\/confrariadovinhodoporto.com\/wp-content\/uploads\/2021\/07\/logo_temp2.jpg\" \/>\n\t<meta property=\"og:image:width\" content=\"647\" \/>\n\t<meta property=\"og:image:height\" content=\"362\" \/>\n\t<meta property=\"og:image:type\" content=\"image\/jpeg\" \/>\n<meta name=\"twitter:card\" content=\"summary_large_image\" \/>\n<meta name=\"twitter:site\" content=\"@confrariavinhodoporto\" \/>\n<meta name=\"twitter:label1\" content=\"Dur\u00e9e de lecture estim\u00e9e\" \/>\n\t<meta name=\"twitter:data1\" content=\"8 minutes\" \/>\n<script type=\"application\/ld+json\" class=\"yoast-schema-graph\">{\"@context\":\"https:\/\/schema.org\",\"@graph\":[{\"@type\":\"WebPage\",\"@id\":\"https:\/\/confrariadovinhodoporto.com\/fr\/celebration-du-vintage\/\",\"url\":\"https:\/\/confrariadovinhodoporto.com\/fr\/celebration-du-vintage\/\",\"name\":\"C\u00e9l\u00e9bration du Vintage - Confraria do Vinho do Porto\",\"isPartOf\":{\"@id\":\"https:\/\/confrariadovinhodoporto.com\/fr\/#website\"},\"datePublished\":\"2023-03-27T15:42:23+00:00\",\"breadcrumb\":{\"@id\":\"https:\/\/confrariadovinhodoporto.com\/fr\/celebration-du-vintage\/#breadcrumb\"},\"inLanguage\":\"fr-FR\",\"potentialAction\":[{\"@type\":\"ReadAction\",\"target\":[\"https:\/\/confrariadovinhodoporto.com\/fr\/celebration-du-vintage\/\"]}]},{\"@type\":\"BreadcrumbList\",\"@id\":\"https:\/\/confrariadovinhodoporto.com\/fr\/celebration-du-vintage\/#breadcrumb\",\"itemListElement\":[{\"@type\":\"ListItem\",\"position\":1,\"name\":\"Home\",\"item\":\"https:\/\/confrariadovinhodoporto.com\/fr\/\"},{\"@type\":\"ListItem\",\"position\":2,\"name\":\"C\u00e9l\u00e9bration du Vintage\"}]},{\"@type\":\"WebSite\",\"@id\":\"https:\/\/confrariadovinhodoporto.com\/fr\/#website\",\"url\":\"https:\/\/confrariadovinhodoporto.com\/fr\/\",\"name\":\"Confraria do Vinho do Porto\",\"description\":\"Confraria do Vinho do Porto\",\"publisher\":{\"@id\":\"https:\/\/confrariadovinhodoporto.com\/fr\/#organization\"},\"potentialAction\":[{\"@type\":\"SearchAction\",\"target\":{\"@type\":\"EntryPoint\",\"urlTemplate\":\"https:\/\/confrariadovinhodoporto.com\/fr\/?s={search_term_string}\"},\"query-input\":{\"@type\":\"PropertyValueSpecification\",\"valueRequired\":true,\"valueName\":\"search_term_string\"}}],\"inLanguage\":\"fr-FR\"},{\"@type\":\"Organization\",\"@id\":\"https:\/\/confrariadovinhodoporto.com\/fr\/#organization\",\"name\":\"Confraria do Vinho do Porto\",\"url\":\"https:\/\/confrariadovinhodoporto.com\/fr\/\",\"logo\":{\"@type\":\"ImageObject\",\"inLanguage\":\"fr-FR\",\"@id\":\"https:\/\/confrariadovinhodoporto.com\/fr\/#\/schema\/logo\/image\/\",\"url\":\"https:\/\/confrariadovinhodoporto.com\/wp-content\/uploads\/2021\/09\/Confraria_Logo-oficial-vinho-FULL.jpg\",\"contentUrl\":\"https:\/\/confrariadovinhodoporto.com\/wp-content\/uploads\/2021\/09\/Confraria_Logo-oficial-vinho-FULL.jpg\",\"width\":1500,\"height\":1000,\"caption\":\"Confraria do Vinho do Porto\"},\"image\":{\"@id\":\"https:\/\/confrariadovinhodoporto.com\/fr\/#\/schema\/logo\/image\/\"},\"sameAs\":[\"https:\/\/www.facebook.com\/confrariavinhodoporto\",\"https:\/\/x.com\/confrariavinhodoporto\",\"https:\/\/www.instagram.com\/confrariavinhodoporto\/\",\"https:\/\/www.youtube.com\/channel\/UCc_BoRbpZn4EK-2yqd-pCLA\"]}]}<\/script>\n<!-- \/ Yoast SEO plugin. -->","yoast_head_json":{"title":"C\u00e9l\u00e9bration du Vintage - Confraria do Vinho do Porto","robots":{"index":"index","follow":"follow","max-snippet":"max-snippet:-1","max-image-preview":"max-image-preview:large","max-video-preview":"max-video-preview:-1"},"canonical":"https:\/\/confrariadovinhodoporto.com\/fr\/celebration-du-vintage\/","og_locale":"fr_FR","og_type":"article","og_title":"C\u00e9l\u00e9bration du Vintage - Confraria do Vinho do Porto","og_url":"https:\/\/confrariadovinhodoporto.com\/fr\/celebration-du-vintage\/","og_site_name":"Confraria do Vinho do Porto","article_publisher":"https:\/\/www.facebook.com\/confrariavinhodoporto","og_image":[{"width":647,"height":362,"url":"https:\/\/confrariadovinhodoporto.com\/wp-content\/uploads\/2021\/07\/logo_temp2.jpg","type":"image\/jpeg"}],"twitter_card":"summary_large_image","twitter_site":"@confrariavinhodoporto","twitter_misc":{"Dur\u00e9e de lecture estim\u00e9e":"8 minutes"},"schema":{"@context":"https:\/\/schema.org","@graph":[{"@type":"WebPage","@id":"https:\/\/confrariadovinhodoporto.com\/fr\/celebration-du-vintage\/","url":"https:\/\/confrariadovinhodoporto.com\/fr\/celebration-du-vintage\/","name":"C\u00e9l\u00e9bration du Vintage - Confraria do Vinho do Porto","isPartOf":{"@id":"https:\/\/confrariadovinhodoporto.com\/fr\/#website"},"datePublished":"2023-03-27T15:42:23+00:00","breadcrumb":{"@id":"https:\/\/confrariadovinhodoporto.com\/fr\/celebration-du-vintage\/#breadcrumb"},"inLanguage":"fr-FR","potentialAction":[{"@type":"ReadAction","target":["https:\/\/confrariadovinhodoporto.com\/fr\/celebration-du-vintage\/"]}]},{"@type":"BreadcrumbList","@id":"https:\/\/confrariadovinhodoporto.com\/fr\/celebration-du-vintage\/#breadcrumb","itemListElement":[{"@type":"ListItem","position":1,"name":"Home","item":"https:\/\/confrariadovinhodoporto.com\/fr\/"},{"@type":"ListItem","position":2,"name":"C\u00e9l\u00e9bration du Vintage"}]},{"@type":"WebSite","@id":"https:\/\/confrariadovinhodoporto.com\/fr\/#website","url":"https:\/\/confrariadovinhodoporto.com\/fr\/","name":"Confraria do Vinho do Porto","description":"Confraria do Vinho do Porto","publisher":{"@id":"https:\/\/confrariadovinhodoporto.com\/fr\/#organization"},"potentialAction":[{"@type":"SearchAction","target":{"@type":"EntryPoint","urlTemplate":"https:\/\/confrariadovinhodoporto.com\/fr\/?s={search_term_string}"},"query-input":{"@type":"PropertyValueSpecification","valueRequired":true,"valueName":"search_term_string"}}],"inLanguage":"fr-FR"},{"@type":"Organization","@id":"https:\/\/confrariadovinhodoporto.com\/fr\/#organization","name":"Confraria do Vinho do Porto","url":"https:\/\/confrariadovinhodoporto.com\/fr\/","logo":{"@type":"ImageObject","inLanguage":"fr-FR","@id":"https:\/\/confrariadovinhodoporto.com\/fr\/#\/schema\/logo\/image\/","url":"https:\/\/confrariadovinhodoporto.com\/wp-content\/uploads\/2021\/09\/Confraria_Logo-oficial-vinho-FULL.jpg","contentUrl":"https:\/\/confrariadovinhodoporto.com\/wp-content\/uploads\/2021\/09\/Confraria_Logo-oficial-vinho-FULL.jpg","width":1500,"height":1000,"caption":"Confraria do Vinho do Porto"},"image":{"@id":"https:\/\/confrariadovinhodoporto.com\/fr\/#\/schema\/logo\/image\/"},"sameAs":["https:\/\/www.facebook.com\/confrariavinhodoporto","https:\/\/x.com\/confrariavinhodoporto","https:\/\/www.instagram.com\/confrariavinhodoporto\/","https:\/\/www.youtube.com\/channel\/UCc_BoRbpZn4EK-2yqd-pCLA"]}]}},"_links":{"self":[{"href":"https:\/\/confrariadovinhodoporto.com\/fr\/wp-json\/wp\/v2\/pages\/18619","targetHints":{"allow":["GET"]}}],"collection":[{"href":"https:\/\/confrariadovinhodoporto.com\/fr\/wp-json\/wp\/v2\/pages"}],"about":[{"href":"https:\/\/confrariadovinhodoporto.com\/fr\/wp-json\/wp\/v2\/types\/page"}],"author":[{"embeddable":true,"href":"https:\/\/confrariadovinhodoporto.com\/fr\/wp-json\/wp\/v2\/users\/1"}],"replies":[{"embeddable":true,"href":"https:\/\/confrariadovinhodoporto.com\/fr\/wp-json\/wp\/v2\/comments?post=18619"}],"version-history":[{"count":1,"href":"https:\/\/confrariadovinhodoporto.com\/fr\/wp-json\/wp\/v2\/pages\/18619\/revisions"}],"predecessor-version":[{"id":18622,"href":"https:\/\/confrariadovinhodoporto.com\/fr\/wp-json\/wp\/v2\/pages\/18619\/revisions\/18622"}],"wp:attachment":[{"href":"https:\/\/confrariadovinhodoporto.com\/fr\/wp-json\/wp\/v2\/media?parent=18619"}],"curies":[{"name":"wp","href":"https:\/\/api.w.org\/{rel}","templated":true}]}}